{"id":1191,"date":"2018-03-28T14:01:08","date_gmt":"2018-03-28T12:01:08","guid":{"rendered":"http:\/\/www.fonds-alienor.fr\/?page_id=1191"},"modified":"2024-04-10T09:13:24","modified_gmt":"2024-04-10T07:13:24","slug":"le-conseil-scientifique","status":"publish","type":"page","link":"https:\/\/www.fonds-alienor.fr\/en\/le-conseil-scientifique\/","title":{"rendered":"Le conseil scientifique"},"content":{"rendered":"<div class=\"wpb-content-wrapper\"><p>[vc_row][vc_column][vc_custom_heading text=&#8221;Le conseil scientifique&#8221; font_container=&#8221;tag:h3|text_align:center|color:%23ed1941&#8243; google_fonts=&#8221;font_family:Lato%3A100%2C100italic%2C300%2C300italic%2Cregular%2Citalic%2C700%2C700italic%2C900%2C900italic|font_style:400%20regular%3A400%3Anormal&#8221;][\/vc_column][\/vc_row][vc_row][vc_column][vc_column_text]Pr Olivier Mimoz, pr\u00e9sident du comit\u00e9 op\u00e9rationnel et scientifique, vice-pr\u00e9sident recherche du Directoire<\/p>\n<p>Emmanuelle de Lavalette Ferguson, directrice de la recherche au CHU de Poitiers, administratrice du fonds Ali\u00e9nor<\/p>\n<p>Pr Pierre Corbi, pr\u00e9sident de la commission m\u00e9dicale d&#8217;\u00e9tablissement, administrateur du fonds Ali\u00e9nor (suppl\u00e9ant en cas d&#8217;emp\u00eachement: Pr R\u00e9my Guillevin)<\/p>\n<p>Pr Marc Paccalin, doyen de la facult\u00e9 de m\u00e9decine et de pharmacie de l&#8217;Universit\u00e9 de Poitiers, administrateur du fonds Ali\u00e9nor<\/p>\n<p>Pr Xavier Drouot, assesseur recherche \u00e0 la facult\u00e9 de m\u00e9decine et de pharmacie de Poitiers<\/p>\n<p>Pr Mohammed Jaber, directeur du laboratoire de neurosciences exp\u00e9rimentales et cliniques- Inserm U-1084<\/p>\n<p>Pr Sandrine Marchand, directrice de l&#8217;unit\u00e9 Inserm U1070<\/p>\n<p>Pr Luc Pellerin, directeur de l&#8217;unit\u00e9 Inserm U1313<\/p>\n<p>Pr Pierre Jean Saulnier, pr\u00e9sident de la d\u00e9l\u00e9gation r\u00e9gionale \u00e0 la recherche clinique et \u00e0 l&#8217;innovation (suppl\u00e9ante en cas d&#8217;emp\u00eachement: Dr Claire Lafay-Chebassier)<\/p>\n<p>Sylvie Le Rouge, directrice adjointe au coordonnateur g\u00e9n\u00e9ral des soins<\/p>\n<p>Guillaume Davy, coordonnateur param\u00e9dical (suppl\u00e9ant en cas d&#8217;emp\u00eachement: Guillaume Beaumatin)[\/vc_column_text][\/vc_column][\/vc_row]<\/p>\n<\/div>","protected":false},"excerpt":{"rendered":"<p>[vc_row][vc_column][vc_custom_heading text=&#8221;Le conseil scientifique&#8221; font_container=&#8221;tag:h3|text_align:center|color:%23ed1941&#8243; google_fonts=&#8221;font_family:Lato%3A100%2C100italic%2C300%2C300italic%2Cregular%2Citalic%2C700%2C700italic%2C900%2C900italic|font_style:400%20regular%3A400%3Anormal&#8221;][\/vc_column][\/vc_row][vc_row][vc_column][vc_column_text]Pr Olivier Mimoz, pr\u00e9sident du comit\u00e9 op\u00e9rationnel et scientifique, vice-pr\u00e9sident recherche du Directoire Emmanuelle de Lavalette Ferguson, directrice de la recherche au CHU de Poitiers, administratrice du fonds Ali\u00e9nor Pr Pierre Corbi, pr\u00e9sident de la commission m\u00e9dicale d&#8217;\u00e9tablissement, administrateur du fonds Ali\u00e9nor (suppl\u00e9ant en cas d&#8217;emp\u00eachement: Pr R\u00e9my Guillevin) Pr [&hellip;]<\/p>\n","protected":false},"author":13,"featured_media":0,"parent":0,"menu_order":0,"comment_status":"closed","ping_status":"closed","template":"","meta":{"footnotes":""},"class_list":["post-1191","page","type-page","status-publish","hentry"],"yoast_head":"<!-- This site is optimized with the Yoast SEO plugin v27.5 - https:\/\/yoast.com\/product\/yoast-seo-wordpress\/ -->\n<title>Le conseil scientifique - Fonds Ali\u00e9nor<\/title>\n<meta name=\"robots\" content=\"index, follow, max-snippet:-1, max-image-preview:large, max-video-preview:-1\" \/>\n<link rel=\"canonical\" href=\"https:\/\/www.fonds-alienor.fr\/le-conseil-scientifique\/\" \/>\n<meta property=\"og:locale\" content=\"en_US\" \/>\n<meta property=\"og:type\" content=\"article\" \/>\n<meta property=\"og:title\" content=\"Le conseil scientifique - Fonds Ali\u00e9nor\" \/>\n<meta property=\"og:description\" content=\"[vc_row][vc_column][vc_custom_heading text=&#8221;Le conseil scientifique&#8221; font_container=&#8221;tag:h3|text_align:center|color:%23ed1941&#8243; google_fonts=&#8221;font_family:Lato%3A100%2C100italic%2C300%2C300italic%2Cregular%2Citalic%2C700%2C700italic%2C900%2C900italic|font_style:400%20regular%3A400%3Anormal&#8221;][\/vc_column][\/vc_row][vc_row][vc_column][vc_column_text]Pr Olivier Mimoz, pr\u00e9sident du comit\u00e9 op\u00e9rationnel et scientifique, vice-pr\u00e9sident recherche du Directoire Emmanuelle de Lavalette Ferguson, directrice de la recherche au CHU de Poitiers, administratrice du fonds Ali\u00e9nor Pr Pierre Corbi, pr\u00e9sident de la commission m\u00e9dicale d&#8217;\u00e9tablissement, administrateur du fonds Ali\u00e9nor (suppl\u00e9ant en cas d&#8217;emp\u00eachement: Pr R\u00e9my Guillevin) Pr [&hellip;]\" \/>\n<meta property=\"og:url\" content=\"https:\/\/www.fonds-alienor.fr\/le-conseil-scientifique\/\" \/>\n<meta property=\"og:site_name\" content=\"Fonds Ali\u00e9nor\" \/>\n<meta property=\"article:publisher\" content=\"https:\/\/www.facebook.com\/chudepoitiers\" \/>\n<meta property=\"article:modified_time\" content=\"2024-04-10T07:13:24+00:00\" \/>\n<meta name=\"twitter:card\" content=\"summary_large_image\" \/>\n<meta name=\"twitter:site\" content=\"@CHU_de_Poitiers\" \/>\n<meta name=\"twitter:label1\" content=\"Est. reading time\" \/>\n\t<meta name=\"twitter:data1\" content=\"1 minute\" \/>\n<script type=\"application\/ld+json\" class=\"yoast-schema-graph\">{\"@context\":\"https:\\\/\\\/schema.org\",\"@graph\":[{\"@type\":\"WebPage\",\"@id\":\"https:\\\/\\\/www.fonds-alienor.fr\\\/le-conseil-scientifique\\\/\",\"url\":\"https:\\\/\\\/www.fonds-alienor.fr\\\/le-conseil-scientifique\\\/\",\"name\":\"Le conseil scientifique - Fonds Ali\u00e9nor\",\"isPartOf\":{\"@id\":\"https:\\\/\\\/www.fonds-alienor.fr\\\/en\\\/#website\"},\"datePublished\":\"2018-03-28T12:01:08+00:00\",\"dateModified\":\"2024-04-10T07:13:24+00:00\",\"breadcrumb\":{\"@id\":\"https:\\\/\\\/www.fonds-alienor.fr\\\/le-conseil-scientifique\\\/#breadcrumb\"},\"inLanguage\":\"en-US\",\"potentialAction\":[{\"@type\":\"ReadAction\",\"target\":[\"https:\\\/\\\/www.fonds-alienor.fr\\\/le-conseil-scientifique\\\/\"]}]},{\"@type\":\"BreadcrumbList\",\"@id\":\"https:\\\/\\\/www.fonds-alienor.fr\\\/le-conseil-scientifique\\\/#breadcrumb\",\"itemListElement\":[{\"@type\":\"ListItem\",\"position\":1,\"name\":\"Accueil\",\"item\":\"https:\\\/\\\/www.fonds-alienor.fr\\\/en\\\/\"},{\"@type\":\"ListItem\",\"position\":2,\"name\":\"Le conseil scientifique\"}]},{\"@type\":\"WebSite\",\"@id\":\"https:\\\/\\\/www.fonds-alienor.fr\\\/en\\\/#website\",\"url\":\"https:\\\/\\\/www.fonds-alienor.fr\\\/en\\\/\",\"name\":\"Fonds Ali\u00e9nor\",\"description\":\"Emmenons la recherche m\u00e9dicale\",\"publisher\":{\"@id\":\"https:\\\/\\\/www.fonds-alienor.fr\\\/en\\\/#organization\"},\"potentialAction\":[{\"@type\":\"SearchAction\",\"target\":{\"@type\":\"EntryPoint\",\"urlTemplate\":\"https:\\\/\\\/www.fonds-alienor.fr\\\/en\\\/?s={search_term_string}\"},\"query-input\":{\"@type\":\"PropertyValueSpecification\",\"valueRequired\":true,\"valueName\":\"search_term_string\"}}],\"inLanguage\":\"en-US\"},{\"@type\":\"Organization\",\"@id\":\"https:\\\/\\\/www.fonds-alienor.fr\\\/en\\\/#organization\",\"name\":\"Fonds Ali\u00e9nor du CHU de Poitiers\",\"url\":\"https:\\\/\\\/www.fonds-alienor.fr\\\/en\\\/\",\"logo\":{\"@type\":\"ImageObject\",\"inLanguage\":\"en-US\",\"@id\":\"https:\\\/\\\/www.fonds-alienor.fr\\\/en\\\/#\\\/schema\\\/logo\\\/image\\\/\",\"url\":\"https:\\\/\\\/www.fonds-alienor.fr\\\/wp-content\\\/uploads\\\/2025\\\/10\\\/logo_114px.png\",\"contentUrl\":\"https:\\\/\\\/www.fonds-alienor.fr\\\/wp-content\\\/uploads\\\/2025\\\/10\\\/logo_114px.png\",\"width\":114,\"height\":114,\"caption\":\"Fonds Ali\u00e9nor du CHU de Poitiers\"},\"image\":{\"@id\":\"https:\\\/\\\/www.fonds-alienor.fr\\\/en\\\/#\\\/schema\\\/logo\\\/image\\\/\"},\"sameAs\":[\"https:\\\/\\\/www.facebook.com\\\/chudepoitiers\",\"https:\\\/\\\/x.com\\\/CHU_de_Poitiers\",\"https:\\\/\\\/www.linkedin.com\\\/company\\\/chu-poitiers?trk=company_logo\",\"https:\\\/\\\/www.youtube.com\\\/channel\\\/UCPpTSqyLsR5a-hXJA7zZ6cA\"]}]}<\/script>\n<!-- \/ Yoast SEO plugin. -->","yoast_head_json":{"title":"Le conseil scientifique - Fonds Ali\u00e9nor","robots":{"index":"index","follow":"follow","max-snippet":"max-snippet:-1","max-image-preview":"max-image-preview:large","max-video-preview":"max-video-preview:-1"},"canonical":"https:\/\/www.fonds-alienor.fr\/le-conseil-scientifique\/","og_locale":"en_US","og_type":"article","og_title":"Le conseil scientifique - Fonds Ali\u00e9nor","og_description":"[vc_row][vc_column][vc_custom_heading text=&#8221;Le conseil scientifique&#8221; font_container=&#8221;tag:h3|text_align:center|color:%23ed1941&#8243; google_fonts=&#8221;font_family:Lato%3A100%2C100italic%2C300%2C300italic%2Cregular%2Citalic%2C700%2C700italic%2C900%2C900italic|font_style:400%20regular%3A400%3Anormal&#8221;][\/vc_column][\/vc_row][vc_row][vc_column][vc_column_text]Pr Olivier Mimoz, pr\u00e9sident du comit\u00e9 op\u00e9rationnel et scientifique, vice-pr\u00e9sident recherche du Directoire Emmanuelle de Lavalette Ferguson, directrice de la recherche au CHU de Poitiers, administratrice du fonds Ali\u00e9nor Pr Pierre Corbi, pr\u00e9sident de la commission m\u00e9dicale d&#8217;\u00e9tablissement, administrateur du fonds Ali\u00e9nor (suppl\u00e9ant en cas d&#8217;emp\u00eachement: Pr R\u00e9my Guillevin) Pr [&hellip;]","og_url":"https:\/\/www.fonds-alienor.fr\/le-conseil-scientifique\/","og_site_name":"Fonds Ali\u00e9nor","article_publisher":"https:\/\/www.facebook.com\/chudepoitiers","article_modified_time":"2024-04-10T07:13:24+00:00","twitter_card":"summary_large_image","twitter_site":"@CHU_de_Poitiers","twitter_misc":{"Est. reading time":"1 minute"},"schema":{"@context":"https:\/\/schema.org","@graph":[{"@type":"WebPage","@id":"https:\/\/www.fonds-alienor.fr\/le-conseil-scientifique\/","url":"https:\/\/www.fonds-alienor.fr\/le-conseil-scientifique\/","name":"Le conseil scientifique - Fonds Ali\u00e9nor","isPartOf":{"@id":"https:\/\/www.fonds-alienor.fr\/en\/#website"},"datePublished":"2018-03-28T12:01:08+00:00","dateModified":"2024-04-10T07:13:24+00:00","breadcrumb":{"@id":"https:\/\/www.fonds-alienor.fr\/le-conseil-scientifique\/#breadcrumb"},"inLanguage":"en-US","potentialAction":[{"@type":"ReadAction","target":["https:\/\/www.fonds-alienor.fr\/le-conseil-scientifique\/"]}]},{"@type":"BreadcrumbList","@id":"https:\/\/www.fonds-alienor.fr\/le-conseil-scientifique\/#breadcrumb","itemListElement":[{"@type":"ListItem","position":1,"name":"Accueil","item":"https:\/\/www.fonds-alienor.fr\/en\/"},{"@type":"ListItem","position":2,"name":"Le conseil scientifique"}]},{"@type":"WebSite","@id":"https:\/\/www.fonds-alienor.fr\/en\/#website","url":"https:\/\/www.fonds-alienor.fr\/en\/","name":"Fonds Ali\u00e9nor","description":"Emmenons la recherche m\u00e9dicale","publisher":{"@id":"https:\/\/www.fonds-alienor.fr\/en\/#organization"},"potentialAction":[{"@type":"SearchAction","target":{"@type":"EntryPoint","urlTemplate":"https:\/\/www.fonds-alienor.fr\/en\/?s={search_term_string}"},"query-input":{"@type":"PropertyValueSpecification","valueRequired":true,"valueName":"search_term_string"}}],"inLanguage":"en-US"},{"@type":"Organization","@id":"https:\/\/www.fonds-alienor.fr\/en\/#organization","name":"Fonds Ali\u00e9nor du CHU de Poitiers","url":"https:\/\/www.fonds-alienor.fr\/en\/","logo":{"@type":"ImageObject","inLanguage":"en-US","@id":"https:\/\/www.fonds-alienor.fr\/en\/#\/schema\/logo\/image\/","url":"https:\/\/www.fonds-alienor.fr\/wp-content\/uploads\/2025\/10\/logo_114px.png","contentUrl":"https:\/\/www.fonds-alienor.fr\/wp-content\/uploads\/2025\/10\/logo_114px.png","width":114,"height":114,"caption":"Fonds Ali\u00e9nor du CHU de Poitiers"},"image":{"@id":"https:\/\/www.fonds-alienor.fr\/en\/#\/schema\/logo\/image\/"},"sameAs":["https:\/\/www.facebook.com\/chudepoitiers","https:\/\/x.com\/CHU_de_Poitiers","https:\/\/www.linkedin.com\/company\/chu-poitiers?trk=company_logo","https:\/\/www.youtube.com\/channel\/UCPpTSqyLsR5a-hXJA7zZ6cA"]}]}},"_links":{"self":[{"href":"https:\/\/www.fonds-alienor.fr\/en\/wp-json\/wp\/v2\/pages\/1191","targetHints":{"allow":["GET"]}}],"collection":[{"href":"https:\/\/www.fonds-alienor.fr\/en\/wp-json\/wp\/v2\/pages"}],"about":[{"href":"https:\/\/www.fonds-alienor.fr\/en\/wp-json\/wp\/v2\/types\/page"}],"author":[{"embeddable":true,"href":"https:\/\/www.fonds-alienor.fr\/en\/wp-json\/wp\/v2\/users\/13"}],"replies":[{"embeddable":true,"href":"https:\/\/www.fonds-alienor.fr\/en\/wp-json\/wp\/v2\/comments?post=1191"}],"version-history":[{"count":17,"href":"https:\/\/www.fonds-alienor.fr\/en\/wp-json\/wp\/v2\/pages\/1191\/revisions"}],"predecessor-version":[{"id":8218,"href":"https:\/\/www.fonds-alienor.fr\/en\/wp-json\/wp\/v2\/pages\/1191\/revisions\/8218"}],"wp:attachment":[{"href":"https:\/\/www.fonds-alienor.fr\/en\/wp-json\/wp\/v2\/media?parent=1191"}],"curies":[{"name":"wp","href":"https:\/\/api.w.org\/{rel}","templated":true}]}}