{"id":2472,"date":"2020-11-19T14:43:01","date_gmt":"2020-11-19T13:43:01","guid":{"rendered":"https:\/\/www.fonds-alienor.fr\/etude-caviards-19-copy\/"},"modified":"2021-04-20T17:04:05","modified_gmt":"2021-04-20T15:04:05","slug":"projet-killer","status":"publish","type":"page","link":"https:\/\/www.fonds-alienor.fr\/en\/projet-killer\/","title":{"rendered":"Projet Killer"},"content":{"rendered":"<div class=\"wpb-content-wrapper\"><p>[vc_row][vc_column][vc_custom_heading text=&#8221;PROJET KILLER&#8221; font_container=&#8221;tag:h3|text_align:center|color:%23ed1941&#8243; google_fonts=&#8221;font_family:Oxygen%3A300%2Cregular%2C700|font_style:400%20regular%3A400%3Anormal&#8221;][\/vc_column][\/vc_row][vc_row content_placement=&#8221;middle&#8221;][vc_column][vc_column_text css=&#8221;.vc_custom_1605795751373{padding-top: 20px !important;padding-right: 20px !important;padding-bottom: 20px !important;padding-left: 20px !important;}&#8221;]<\/p>\n<p style=\"text-align: center;\">Le Protocole KILLER s\u2019est d\u00e9roul\u00e9 dans le service des urgences adultes du CHU de Poitiers, sous la responsabilit\u00e9 du Pr Olivier Mimoz et du Dr J\u00e9r\u00e9my Gu\u00e9nezan, en collaboration \u00e9troite avec le Pr Nicolas L\u00e9veque et le Dr Magali Garcia du laboratoire de virologie.<\/p>\n<p style=\"text-align: center;\">Apr\u00e8s avoir \u00e9tudi\u00e9 l\u2019\u00e9volution du virus sur les patients pris en charge aux urgences durant le 1<sup>er<\/sup> semestre 2020, l\u2019\u00e9quipe a men\u00e9 cette \u00e9tude du 8 septembre au 9 octobre 2020.<\/p>\n<p>[\/vc_column_text][vc_single_image image=&#8221;2479&#8243; img_size=&#8221;full&#8221; alignment=&#8221;center&#8221;][vc_custom_heading text=&#8221;PROJET DE RECHERCHE&#8221; font_container=&#8221;tag:h3|font_size:16px|text_align:left|color:%23687884&#8243; google_fonts=&#8221;font_family:Lato%3A100%2C100italic%2C300%2C300italic%2Cregular%2Citalic%2C700%2C700italic%2C900%2C900italic|font_style:400%20italic%3A400%3Aitalic&#8221;][vc_row_inner content_placement=&#8221;middle&#8221;][vc_column_inner width=&#8221;1\/2&#8243;][vc_column_text]L\u2019objectif du projet \u00e9tait de d\u00e9montrer que la r\u00e9alisation d\u2019une d\u00e9sinfection nasale et oropharyng\u00e9e par de la povidone iod\u00e9e (BETADINE\u00ae) dilu\u00e9e, permettait une diminution de la quantit\u00e9 de virus dans le nez et le pharynx des patients infect\u00e9s par la COVID-19. Cette mesure de pr\u00e9vention permettrait de diminuer la contagiosit\u00e9 des patients, et ainsi de lutter contre la diss\u00e9mination de la maladie.[\/vc_column_text][\/vc_column_inner][vc_column_inner width=&#8221;1\/2&#8243;][vc_column_text css=&#8221;.vc_custom_1605795707067{padding: 20px !important;background-color: #f2f2f2 !important;}&#8221;]<\/p>\n<p style=\"text-align: center;\">24 patients test\u00e9s positifs \u00e0 la COVID-19 ont particip\u00e9 \u00e0 cette \u00e9tude pilote. La moiti\u00e9 des patients a b\u00e9n\u00e9fici\u00e9 d\u2019une d\u00e9sinfection nasale et oropharyng\u00e9e par la povidone iod\u00e9e dilu\u00e9e et l\u2019autre moiti\u00e9 a \u00e9t\u00e9 inclus dans un groupe contr\u00f4le.<\/p>\n<p>[\/vc_column_text][\/vc_column_inner][\/vc_row_inner][\/vc_column][\/vc_row][vc_row content_placement=&#8221;middle&#8221;][vc_column][vc_column_text]Durant 5 jours cons\u00e9cutifs, les patients du groupe exp\u00e9rimental ont effectu\u00e9 un bain de bouche et des gargarismes en utilisant une solution de povidone iod\u00e9e dilu\u00e9e quatre fois par jour. Ils ont \u00e9t\u00e9 invit\u00e9s ensuite \u00e0 vaporiser leur nez avec la m\u00eame solution antiseptique, et enfin \u00e0 appliquer du gel de povidone iod\u00e9e dans chaque narine.<\/p>\n<p>Durant cette p\u00e9riode, l\u2019\u00e9quipe de recherche se d\u00e9pla\u00e7ait au domicile de tous les patients inclus, 1 jour sur 2, afin de suivre l\u2019\u00e9volution des sympt\u00f4mes de COVID-19. Il proc\u00e9dait \u00e9galement \u00e0 un nouveau pr\u00e9l\u00e8vement PCR et effectuait une prise de sang pour s\u2019assurer de la bonne tol\u00e9rance de la d\u00e9sinfection.<\/p>\n<p>Depuis, plusieurs \u00e9tudes ont confirm\u00e9 l\u2019efficacit\u00e9 <em>in vitro<\/em> de la povidone iod\u00e9e dilu\u00e9e pour tuer le virus de la COVID-19 et un premier essai publi\u00e9 dans la revue <em>Oral Diseases<\/em> semble confirmer l\u2019effet b\u00e9n\u00e9fique d\u2019une d\u00e9sinfection nasale et oropharyng\u00e9e chez les patients. Si ces r\u00e9sultats encourageants \u00e9taient confirm\u00e9s par les travaux poitevins, la d\u00e9sinfection nasale et oropharyng\u00e9e par la povidone iod\u00e9e dilu\u00e9e pourrait devenir une mesure importante de lutte contre la diss\u00e9mination de la COVID-19.[\/vc_column_text][\/vc_column][\/vc_row]<\/p>\n<\/div>","protected":false},"excerpt":{"rendered":"<p>[vc_row][vc_column][vc_custom_heading text=&#8221;PROJET KILLER&#8221; font_container=&#8221;tag:h3|text_align:center|color:%23ed1941&#8243; google_fonts=&#8221;font_family:Oxygen%3A300%2Cregular%2C700|font_style:400%20regular%3A400%3Anormal&#8221;][\/vc_column][\/vc_row][vc_row content_placement=&#8221;middle&#8221;][vc_column][vc_column_text css=&#8221;.vc_custom_1605795751373{padding-top: 20px !important;padding-right: 20px !important;padding-bottom: 20px !important;padding-left: 20px !important;}&#8221;] Le Protocole KILLER s\u2019est d\u00e9roul\u00e9 dans le service des urgences adultes du CHU de Poitiers, sous la responsabilit\u00e9 du Pr Olivier Mimoz et du Dr J\u00e9r\u00e9my Gu\u00e9nezan, en collaboration \u00e9troite avec le Pr Nicolas L\u00e9veque et le Dr Magali Garcia [&hellip;]<\/p>\n","protected":false},"author":13,"featured_media":0,"parent":0,"menu_order":0,"comment_status":"closed","ping_status":"closed","template":"","meta":{"footnotes":""},"class_list":["post-2472","page","type-page","status-publish","hentry"],"yoast_head":"<!-- This site is optimized with the Yoast SEO plugin v27.5 - https:\/\/yoast.com\/product\/yoast-seo-wordpress\/ -->\n<title>Projet Killer - Fonds Ali\u00e9nor<\/title>\n<meta name=\"robots\" content=\"index, follow, max-snippet:-1, max-image-preview:large, max-video-preview:-1\" \/>\n<link rel=\"canonical\" href=\"https:\/\/www.fonds-alienor.fr\/projet-killer\/\" \/>\n<meta property=\"og:locale\" content=\"en_US\" \/>\n<meta property=\"og:type\" content=\"article\" \/>\n<meta property=\"og:title\" content=\"Projet Killer - Fonds Ali\u00e9nor\" \/>\n<meta property=\"og:description\" content=\"[vc_row][vc_column][vc_custom_heading text=&#8221;PROJET KILLER&#8221; font_container=&#8221;tag:h3|text_align:center|color:%23ed1941&#8243; google_fonts=&#8221;font_family:Oxygen%3A300%2Cregular%2C700|font_style:400%20regular%3A400%3Anormal&#8221;][\/vc_column][\/vc_row][vc_row content_placement=&#8221;middle&#8221;][vc_column][vc_column_text css=&#8221;.vc_custom_1605795751373{padding-top: 20px !important;padding-right: 20px !important;padding-bottom: 20px !important;padding-left: 20px !important;}&#8221;] Le Protocole KILLER s\u2019est d\u00e9roul\u00e9 dans le service des urgences adultes du CHU de Poitiers, sous la responsabilit\u00e9 du Pr Olivier Mimoz et du Dr J\u00e9r\u00e9my Gu\u00e9nezan, en collaboration \u00e9troite avec le Pr Nicolas L\u00e9veque et le Dr Magali Garcia [&hellip;]\" \/>\n<meta property=\"og:url\" content=\"https:\/\/www.fonds-alienor.fr\/projet-killer\/\" \/>\n<meta property=\"og:site_name\" content=\"Fonds Ali\u00e9nor\" \/>\n<meta property=\"article:publisher\" content=\"https:\/\/www.facebook.com\/chudepoitiers\" \/>\n<meta property=\"article:modified_time\" content=\"2021-04-20T15:04:05+00:00\" \/>\n<meta name=\"twitter:card\" content=\"summary_large_image\" \/>\n<meta name=\"twitter:site\" content=\"@CHU_de_Poitiers\" \/>\n<meta name=\"twitter:label1\" content=\"Est. reading time\" \/>\n\t<meta name=\"twitter:data1\" content=\"3 minutes\" \/>\n<script type=\"application\/ld+json\" class=\"yoast-schema-graph\">{\"@context\":\"https:\\\/\\\/schema.org\",\"@graph\":[{\"@type\":\"WebPage\",\"@id\":\"https:\\\/\\\/www.fonds-alienor.fr\\\/projet-killer\\\/\",\"url\":\"https:\\\/\\\/www.fonds-alienor.fr\\\/projet-killer\\\/\",\"name\":\"Projet Killer - Fonds Ali\u00e9nor\",\"isPartOf\":{\"@id\":\"https:\\\/\\\/www.fonds-alienor.fr\\\/en\\\/#website\"},\"datePublished\":\"2020-11-19T13:43:01+00:00\",\"dateModified\":\"2021-04-20T15:04:05+00:00\",\"breadcrumb\":{\"@id\":\"https:\\\/\\\/www.fonds-alienor.fr\\\/projet-killer\\\/#breadcrumb\"},\"inLanguage\":\"en-US\",\"potentialAction\":[{\"@type\":\"ReadAction\",\"target\":[\"https:\\\/\\\/www.fonds-alienor.fr\\\/projet-killer\\\/\"]}]},{\"@type\":\"BreadcrumbList\",\"@id\":\"https:\\\/\\\/www.fonds-alienor.fr\\\/projet-killer\\\/#breadcrumb\",\"itemListElement\":[{\"@type\":\"ListItem\",\"position\":1,\"name\":\"Accueil\",\"item\":\"https:\\\/\\\/www.fonds-alienor.fr\\\/en\\\/\"},{\"@type\":\"ListItem\",\"position\":2,\"name\":\"Projet Killer\"}]},{\"@type\":\"WebSite\",\"@id\":\"https:\\\/\\\/www.fonds-alienor.fr\\\/en\\\/#website\",\"url\":\"https:\\\/\\\/www.fonds-alienor.fr\\\/en\\\/\",\"name\":\"Fonds Ali\u00e9nor\",\"description\":\"Emmenons la recherche m\u00e9dicale\",\"publisher\":{\"@id\":\"https:\\\/\\\/www.fonds-alienor.fr\\\/en\\\/#organization\"},\"potentialAction\":[{\"@type\":\"SearchAction\",\"target\":{\"@type\":\"EntryPoint\",\"urlTemplate\":\"https:\\\/\\\/www.fonds-alienor.fr\\\/en\\\/?s={search_term_string}\"},\"query-input\":{\"@type\":\"PropertyValueSpecification\",\"valueRequired\":true,\"valueName\":\"search_term_string\"}}],\"inLanguage\":\"en-US\"},{\"@type\":\"Organization\",\"@id\":\"https:\\\/\\\/www.fonds-alienor.fr\\\/en\\\/#organization\",\"name\":\"Fonds Ali\u00e9nor du CHU de Poitiers\",\"url\":\"https:\\\/\\\/www.fonds-alienor.fr\\\/en\\\/\",\"logo\":{\"@type\":\"ImageObject\",\"inLanguage\":\"en-US\",\"@id\":\"https:\\\/\\\/www.fonds-alienor.fr\\\/en\\\/#\\\/schema\\\/logo\\\/image\\\/\",\"url\":\"https:\\\/\\\/www.fonds-alienor.fr\\\/wp-content\\\/uploads\\\/2025\\\/10\\\/logo_114px.png\",\"contentUrl\":\"https:\\\/\\\/www.fonds-alienor.fr\\\/wp-content\\\/uploads\\\/2025\\\/10\\\/logo_114px.png\",\"width\":114,\"height\":114,\"caption\":\"Fonds Ali\u00e9nor du CHU de Poitiers\"},\"image\":{\"@id\":\"https:\\\/\\\/www.fonds-alienor.fr\\\/en\\\/#\\\/schema\\\/logo\\\/image\\\/\"},\"sameAs\":[\"https:\\\/\\\/www.facebook.com\\\/chudepoitiers\",\"https:\\\/\\\/x.com\\\/CHU_de_Poitiers\",\"https:\\\/\\\/www.linkedin.com\\\/company\\\/chu-poitiers?trk=company_logo\",\"https:\\\/\\\/www.youtube.com\\\/channel\\\/UCPpTSqyLsR5a-hXJA7zZ6cA\"]}]}<\/script>\n<!-- \/ Yoast SEO plugin. -->","yoast_head_json":{"title":"Projet Killer - Fonds Ali\u00e9nor","robots":{"index":"index","follow":"follow","max-snippet":"max-snippet:-1","max-image-preview":"max-image-preview:large","max-video-preview":"max-video-preview:-1"},"canonical":"https:\/\/www.fonds-alienor.fr\/projet-killer\/","og_locale":"en_US","og_type":"article","og_title":"Projet Killer - Fonds Ali\u00e9nor","og_description":"[vc_row][vc_column][vc_custom_heading text=&#8221;PROJET KILLER&#8221; font_container=&#8221;tag:h3|text_align:center|color:%23ed1941&#8243; google_fonts=&#8221;font_family:Oxygen%3A300%2Cregular%2C700|font_style:400%20regular%3A400%3Anormal&#8221;][\/vc_column][\/vc_row][vc_row content_placement=&#8221;middle&#8221;][vc_column][vc_column_text css=&#8221;.vc_custom_1605795751373{padding-top: 20px !important;padding-right: 20px !important;padding-bottom: 20px !important;padding-left: 20px !important;}&#8221;] Le Protocole KILLER s\u2019est d\u00e9roul\u00e9 dans le service des urgences adultes du CHU de Poitiers, sous la responsabilit\u00e9 du Pr Olivier Mimoz et du Dr J\u00e9r\u00e9my Gu\u00e9nezan, en collaboration \u00e9troite avec le Pr Nicolas L\u00e9veque et le Dr Magali Garcia [&hellip;]","og_url":"https:\/\/www.fonds-alienor.fr\/projet-killer\/","og_site_name":"Fonds Ali\u00e9nor","article_publisher":"https:\/\/www.facebook.com\/chudepoitiers","article_modified_time":"2021-04-20T15:04:05+00:00","twitter_card":"summary_large_image","twitter_site":"@CHU_de_Poitiers","twitter_misc":{"Est. reading time":"3 minutes"},"schema":{"@context":"https:\/\/schema.org","@graph":[{"@type":"WebPage","@id":"https:\/\/www.fonds-alienor.fr\/projet-killer\/","url":"https:\/\/www.fonds-alienor.fr\/projet-killer\/","name":"Projet Killer - Fonds Ali\u00e9nor","isPartOf":{"@id":"https:\/\/www.fonds-alienor.fr\/en\/#website"},"datePublished":"2020-11-19T13:43:01+00:00","dateModified":"2021-04-20T15:04:05+00:00","breadcrumb":{"@id":"https:\/\/www.fonds-alienor.fr\/projet-killer\/#breadcrumb"},"inLanguage":"en-US","potentialAction":[{"@type":"ReadAction","target":["https:\/\/www.fonds-alienor.fr\/projet-killer\/"]}]},{"@type":"BreadcrumbList","@id":"https:\/\/www.fonds-alienor.fr\/projet-killer\/#breadcrumb","itemListElement":[{"@type":"ListItem","position":1,"name":"Accueil","item":"https:\/\/www.fonds-alienor.fr\/en\/"},{"@type":"ListItem","position":2,"name":"Projet Killer"}]},{"@type":"WebSite","@id":"https:\/\/www.fonds-alienor.fr\/en\/#website","url":"https:\/\/www.fonds-alienor.fr\/en\/","name":"Fonds Ali\u00e9nor","description":"Emmenons la recherche m\u00e9dicale","publisher":{"@id":"https:\/\/www.fonds-alienor.fr\/en\/#organization"},"potentialAction":[{"@type":"SearchAction","target":{"@type":"EntryPoint","urlTemplate":"https:\/\/www.fonds-alienor.fr\/en\/?s={search_term_string}"},"query-input":{"@type":"PropertyValueSpecification","valueRequired":true,"valueName":"search_term_string"}}],"inLanguage":"en-US"},{"@type":"Organization","@id":"https:\/\/www.fonds-alienor.fr\/en\/#organization","name":"Fonds Ali\u00e9nor du CHU de Poitiers","url":"https:\/\/www.fonds-alienor.fr\/en\/","logo":{"@type":"ImageObject","inLanguage":"en-US","@id":"https:\/\/www.fonds-alienor.fr\/en\/#\/schema\/logo\/image\/","url":"https:\/\/www.fonds-alienor.fr\/wp-content\/uploads\/2025\/10\/logo_114px.png","contentUrl":"https:\/\/www.fonds-alienor.fr\/wp-content\/uploads\/2025\/10\/logo_114px.png","width":114,"height":114,"caption":"Fonds Ali\u00e9nor du CHU de Poitiers"},"image":{"@id":"https:\/\/www.fonds-alienor.fr\/en\/#\/schema\/logo\/image\/"},"sameAs":["https:\/\/www.facebook.com\/chudepoitiers","https:\/\/x.com\/CHU_de_Poitiers","https:\/\/www.linkedin.com\/company\/chu-poitiers?trk=company_logo","https:\/\/www.youtube.com\/channel\/UCPpTSqyLsR5a-hXJA7zZ6cA"]}]}},"_links":{"self":[{"href":"https:\/\/www.fonds-alienor.fr\/en\/wp-json\/wp\/v2\/pages\/2472","targetHints":{"allow":["GET"]}}],"collection":[{"href":"https:\/\/www.fonds-alienor.fr\/en\/wp-json\/wp\/v2\/pages"}],"about":[{"href":"https:\/\/www.fonds-alienor.fr\/en\/wp-json\/wp\/v2\/types\/page"}],"author":[{"embeddable":true,"href":"https:\/\/www.fonds-alienor.fr\/en\/wp-json\/wp\/v2\/users\/13"}],"replies":[{"embeddable":true,"href":"https:\/\/www.fonds-alienor.fr\/en\/wp-json\/wp\/v2\/comments?post=2472"}],"version-history":[{"count":5,"href":"https:\/\/www.fonds-alienor.fr\/en\/wp-json\/wp\/v2\/pages\/2472\/revisions"}],"predecessor-version":[{"id":2651,"href":"https:\/\/www.fonds-alienor.fr\/en\/wp-json\/wp\/v2\/pages\/2472\/revisions\/2651"}],"wp:attachment":[{"href":"https:\/\/www.fonds-alienor.fr\/en\/wp-json\/wp\/v2\/media?parent=2472"}],"curies":[{"name":"wp","href":"https:\/\/api.w.org\/{rel}","templated":true}]}}