{"id":2634,"date":"2017-01-17T10:14:37","date_gmt":"2017-01-17T09:14:37","guid":{"rendered":"http:\/\/localhost\/fond-alienor\/partners\/"},"modified":"2023-04-19T11:12:48","modified_gmt":"2023-04-19T09:12:48","slug":"partners","status":"publish","type":"page","link":"https:\/\/www.fonds-alienor.fr\/en\/partners\/","title":{"rendered":"Partners"},"content":{"rendered":"<div class=\"wpb-content-wrapper\"><p>[vc_row][vc_column][vc_column_text]<\/p>\n<table style=\"width: 100%;\">\n<tbody>\n<tr style=\"height: 33%;\">\n<td style=\"width: 50%; text-align: center; vertical-align: middle;\"><a href=\"http:\/\/www.sipap-oudin.fr\/\" target=\"_blank\" rel=\"noopener noreferrer\"><img decoding=\"async\" class=\"alignnone wp-image-662\" src=\"https:\/\/www.fonds-alienor.fr\/wp-content\/uploads\/2017\/01\/Logo-Sipap-oudin-300x169.jpg\" alt=\"\" width=\"266\" height=\"150\" srcset=\"https:\/\/www.fonds-alienor.fr\/wp-content\/uploads\/2017\/01\/Logo-Sipap-oudin-300x169.jpg 300w, https:\/\/www.fonds-alienor.fr\/wp-content\/uploads\/2017\/01\/Logo-Sipap-oudin.jpg 720w\" sizes=\"(max-width: 266px) 100vw, 266px\" \/><\/a><\/p>\n<p>Lire l&#8217;interview de Fr\u00e9d\u00e9rick Terny, directeur g\u00e9n\u00e9ral de l\u2019imprimerie Sipap-Oudin : <a href=\"https:\/\/www.fonds-alienor.fr\/frederick-terny-projet-concernant-neurochirurgie-me-touche\/\" target=\"_blank\" rel=\"noopener noreferrer\">&#8220;Le projet concernant la neurochirurgie me touche&#8221;<\/a><\/td>\n<td style=\"width: 50%; text-align: center; vertical-align: middle;\"><a href=\"http:\/\/www.7apoitiers.fr\" target=\"_blank\" rel=\"noopener noreferrer\"><img decoding=\"async\" class=\"alignnone wp-image-663\" src=\"https:\/\/www.fonds-alienor.fr\/wp-content\/uploads\/2017\/01\/logo_7apoitiers.jpg\" alt=\"\" width=\"138\" height=\"150\" \/><\/a><\/p>\n<p>Lire l&#8217;interview de\u00a0Laurent Brunet, directeur de l\u2019hebdomadaire 7 \u00e0 Poitiers : <a href=\"https:\/\/www.fonds-alienor.fr\/laurent-brunet-soutenir-fonds-alienor-facon-de-contribuer-a-linteret-general\/\" target=\"_blank\" rel=\"noopener noreferrer\">&#8220;Soutenir le fonds Ali\u00e9nor est une fa\u00e7on de contribuer \u00e0 l\u2019int\u00e9r\u00eat g\u00e9n\u00e9ral&#8221;<\/a><\/td>\n<\/tr>\n<tr style=\"height: 33%;\">\n<td style=\"width: 25%; text-align: center; vertical-align: middle;\"><a href=\"https:\/\/www.mhv.fr\/\" target=\"_blank\" rel=\"noopener noreferrer\"><img decoding=\"async\" class=\"alignnone wp-image-660 size-full\" src=\"https:\/\/www.fonds-alienor.fr\/wp-content\/uploads\/2017\/01\/logo-MHVLA-PRUDENTE.jpg\" alt=\"\" width=\"200\" height=\"174\" \/><\/a><\/td>\n<td style=\"width: 25%; text-align: center; vertical-align: middle;\">&nbsp;<\/p>\n<p><a href=\"https:\/\/www.futuroscope.com\/attractions-et-spectacles\/decouverte\/les-yeux-grands-fermes\" target=\"_blank\" rel=\"noopener noreferrer\"><img decoding=\"async\" class=\"alignnone size-medium wp-image-661\" src=\"https:\/\/www.fonds-alienor.fr\/wp-content\/uploads\/2017\/01\/logo_yeux-grands-fermes-300x169.jpg\" alt=\"\" width=\"300\" height=\"169\" \/><\/a><\/p>\n<p>Lire l&#8217;article : &#8220;<a href=\"https:\/\/www.fonds-alienor.fr\/mecenat-yeux-grands-fermes-remettent-cheque-de-10-000-euros-fonds-alienor\/\" target=\"_blank\" rel=\"noopener noreferrer\">Les yeux grands ferm\u00e9s remet un ch\u00e8que de 10 000 euros au fonds Ali\u00e9nor<\/a>&#8220;<\/td>\n<\/tr>\n<tr style=\"height: 33%;\">\n<td style=\"width: 25%; text-align: center; vertical-align: middle;\"><a href=\"https:\/\/www.dalkia.fr\/fr\/\" target=\"_blank\" rel=\"noopener noreferrer\"><img decoding=\"async\" class=\"alignnone size-medium wp-image-794\" src=\"https:\/\/www.fonds-alienor.fr\/wp-content\/uploads\/2017\/01\/dalkia-300x133.png\" alt=\"\" width=\"300\" height=\"133\" srcset=\"https:\/\/www.fonds-alienor.fr\/wp-content\/uploads\/2017\/01\/dalkia-300x133.png 300w, https:\/\/www.fonds-alienor.fr\/wp-content\/uploads\/2017\/01\/dalkia.png 516w\" sizes=\"(max-width: 300px) 100vw, 300px\" \/><\/a><\/td>\n<td style=\"width: 25%; text-align: center; vertical-align: middle;\">&nbsp;<\/p>\n<p><img decoding=\"async\" class=\"aligncenter wp-image-860 size-full\" src=\"https:\/\/www.fonds-alienor.fr\/wp-content\/uploads\/2017\/01\/logo-ag2r.jpg\" alt=\"Logo AG2R La Mondiale\" width=\"216\" height=\"95\" \/><\/p>\n<p>Lire les articles :\u00a0<a href=\"https:\/\/www.fonds-alienor.fr\/ag2r-loptique-daider-lutte-contre-dmla\/\" target=\"_blank\" rel=\"noopener noreferrer\">AG2R dans l\u2019optique d\u2019aider la lutte contre la DMLA<\/a> et\u00a0<a href=\"https:\/\/www.fonds-alienor.fr\/amaury-de-preville-souhaitons-accompagner-projet-dmla\/\" target=\"_blank\" rel=\"noopener noreferrer\">Amaury de Pr\u00e9ville : &#8220;Nous souhaitons accompagner le projet sur la DMLA&#8221; <\/a><\/td>\n<\/tr>\n<\/tbody>\n<\/table>\n<p>&nbsp;<\/p>\n<p>[\/vc_column_text][\/vc_column][\/vc_row][vc_row][vc_column][vc_images_carousel images=&#8221;3098,3039,2967,2976,2973,2970&#8243; img_size=&#8221;full&#8221; title=&#8221;Partenaires&#8221; css=&#8221;.vc_custom_1497015776255{margin-top: 0px !important;margin-right: 25% !important;margin-bottom: 0px !important;margin-left: 25% !important;}&#8221;][\/vc_column][\/vc_row]<\/p>\n<\/div>","protected":false},"excerpt":{"rendered":"<p>[vc_row][vc_column][vc_column_text] Lire l&#8217;interview de Fr\u00e9d\u00e9rick Terny, directeur g\u00e9n\u00e9ral de l\u2019imprimerie Sipap-Oudin : &#8220;Le projet concernant la neurochirurgie me touche&#8221; Lire l&#8217;interview de\u00a0Laurent Brunet, directeur de l\u2019hebdomadaire 7 \u00e0 Poitiers : &#8220;Soutenir le fonds Ali\u00e9nor est une fa\u00e7on de contribuer \u00e0 l\u2019int\u00e9r\u00eat g\u00e9n\u00e9ral&#8221; &nbsp; Lire l&#8217;article : &#8220;Les yeux grands ferm\u00e9s remet un ch\u00e8que de 10 [&hellip;]<\/p>\n","protected":false},"author":13,"featured_media":0,"parent":0,"menu_order":0,"comment_status":"closed","ping_status":"closed","template":"","meta":{"footnotes":""},"class_list":["post-2634","page","type-page","status-publish","hentry"],"yoast_head":"<!-- This site is optimized with the Yoast SEO plugin v27.3 - https:\/\/yoast.com\/product\/yoast-seo-wordpress\/ -->\n<title>Partners - Fonds Ali\u00e9nor<\/title>\n<meta name=\"robots\" content=\"index, follow, max-snippet:-1, max-image-preview:large, max-video-preview:-1\" \/>\n<link rel=\"canonical\" href=\"https:\/\/www.fonds-alienor.fr\/en\/partners\/\" \/>\n<meta property=\"og:locale\" content=\"en_US\" \/>\n<meta property=\"og:type\" content=\"article\" \/>\n<meta property=\"og:title\" content=\"Partners - Fonds Ali\u00e9nor\" \/>\n<meta property=\"og:description\" content=\"[vc_row][vc_column][vc_column_text] Lire l&#8217;interview de Fr\u00e9d\u00e9rick Terny, directeur g\u00e9n\u00e9ral de l\u2019imprimerie Sipap-Oudin : &#8220;Le projet concernant la neurochirurgie me touche&#8221; Lire l&#8217;interview de\u00a0Laurent Brunet, directeur de l\u2019hebdomadaire 7 \u00e0 Poitiers : &#8220;Soutenir le fonds Ali\u00e9nor est une fa\u00e7on de contribuer \u00e0 l\u2019int\u00e9r\u00eat g\u00e9n\u00e9ral&#8221; &nbsp; Lire l&#8217;article : &#8220;Les yeux grands ferm\u00e9s remet un ch\u00e8que de 10 [&hellip;]\" \/>\n<meta property=\"og:url\" content=\"https:\/\/www.fonds-alienor.fr\/en\/partners\/\" \/>\n<meta property=\"og:site_name\" content=\"Fonds Ali\u00e9nor\" \/>\n<meta property=\"article:publisher\" content=\"https:\/\/www.facebook.com\/chudepoitiers\" \/>\n<meta property=\"article:modified_time\" content=\"2023-04-19T09:12:48+00:00\" \/>\n<meta property=\"og:image\" content=\"https:\/\/www.fonds-alienor.fr\/wp-content\/uploads\/2017\/01\/Logo-Sipap-oudin-300x169.jpg\" \/>\n<meta name=\"twitter:card\" content=\"summary_large_image\" \/>\n<meta name=\"twitter:site\" content=\"@CHU_de_Poitiers\" \/>\n<meta name=\"twitter:label1\" content=\"Est. reading time\" \/>\n\t<meta name=\"twitter:data1\" content=\"2 minutes\" \/>\n<script type=\"application\/ld+json\" class=\"yoast-schema-graph\">{\"@context\":\"https:\\\/\\\/schema.org\",\"@graph\":[{\"@type\":\"WebPage\",\"@id\":\"https:\\\/\\\/www.fonds-alienor.fr\\\/en\\\/partners\\\/\",\"url\":\"https:\\\/\\\/www.fonds-alienor.fr\\\/en\\\/partners\\\/\",\"name\":\"Partners - Fonds Ali\u00e9nor\",\"isPartOf\":{\"@id\":\"https:\\\/\\\/www.fonds-alienor.fr\\\/en\\\/#website\"},\"primaryImageOfPage\":{\"@id\":\"https:\\\/\\\/www.fonds-alienor.fr\\\/en\\\/partners\\\/#primaryimage\"},\"image\":{\"@id\":\"https:\\\/\\\/www.fonds-alienor.fr\\\/en\\\/partners\\\/#primaryimage\"},\"thumbnailUrl\":\"https:\\\/\\\/www.fonds-alienor.fr\\\/wp-content\\\/uploads\\\/2017\\\/01\\\/Logo-Sipap-oudin-300x169.jpg\",\"datePublished\":\"2017-01-17T09:14:37+00:00\",\"dateModified\":\"2023-04-19T09:12:48+00:00\",\"breadcrumb\":{\"@id\":\"https:\\\/\\\/www.fonds-alienor.fr\\\/en\\\/partners\\\/#breadcrumb\"},\"inLanguage\":\"en-US\",\"potentialAction\":[{\"@type\":\"ReadAction\",\"target\":[\"https:\\\/\\\/www.fonds-alienor.fr\\\/en\\\/partners\\\/\"]}]},{\"@type\":\"ImageObject\",\"inLanguage\":\"en-US\",\"@id\":\"https:\\\/\\\/www.fonds-alienor.fr\\\/en\\\/partners\\\/#primaryimage\",\"url\":\"https:\\\/\\\/www.fonds-alienor.fr\\\/wp-content\\\/uploads\\\/2017\\\/01\\\/Logo-Sipap-oudin-300x169.jpg\",\"contentUrl\":\"https:\\\/\\\/www.fonds-alienor.fr\\\/wp-content\\\/uploads\\\/2017\\\/01\\\/Logo-Sipap-oudin-300x169.jpg\"},{\"@type\":\"BreadcrumbList\",\"@id\":\"https:\\\/\\\/www.fonds-alienor.fr\\\/en\\\/partners\\\/#breadcrumb\",\"itemListElement\":[{\"@type\":\"ListItem\",\"position\":1,\"name\":\"Accueil\",\"item\":\"https:\\\/\\\/www.fonds-alienor.fr\\\/en\\\/\"},{\"@type\":\"ListItem\",\"position\":2,\"name\":\"Partners\"}]},{\"@type\":\"WebSite\",\"@id\":\"https:\\\/\\\/www.fonds-alienor.fr\\\/en\\\/#website\",\"url\":\"https:\\\/\\\/www.fonds-alienor.fr\\\/en\\\/\",\"name\":\"Fonds Ali\u00e9nor\",\"description\":\"Emmenons la recherche m\u00e9dicale\",\"publisher\":{\"@id\":\"https:\\\/\\\/www.fonds-alienor.fr\\\/en\\\/#organization\"},\"potentialAction\":[{\"@type\":\"SearchAction\",\"target\":{\"@type\":\"EntryPoint\",\"urlTemplate\":\"https:\\\/\\\/www.fonds-alienor.fr\\\/en\\\/?s={search_term_string}\"},\"query-input\":{\"@type\":\"PropertyValueSpecification\",\"valueRequired\":true,\"valueName\":\"search_term_string\"}}],\"inLanguage\":\"en-US\"},{\"@type\":\"Organization\",\"@id\":\"https:\\\/\\\/www.fonds-alienor.fr\\\/en\\\/#organization\",\"name\":\"Fonds Ali\u00e9nor du CHU de Poitiers\",\"url\":\"https:\\\/\\\/www.fonds-alienor.fr\\\/en\\\/\",\"logo\":{\"@type\":\"ImageObject\",\"inLanguage\":\"en-US\",\"@id\":\"https:\\\/\\\/www.fonds-alienor.fr\\\/en\\\/#\\\/schema\\\/logo\\\/image\\\/\",\"url\":\"https:\\\/\\\/www.fonds-alienor.fr\\\/wp-content\\\/uploads\\\/2025\\\/10\\\/logo_114px.png\",\"contentUrl\":\"https:\\\/\\\/www.fonds-alienor.fr\\\/wp-content\\\/uploads\\\/2025\\\/10\\\/logo_114px.png\",\"width\":114,\"height\":114,\"caption\":\"Fonds Ali\u00e9nor du CHU de Poitiers\"},\"image\":{\"@id\":\"https:\\\/\\\/www.fonds-alienor.fr\\\/en\\\/#\\\/schema\\\/logo\\\/image\\\/\"},\"sameAs\":[\"https:\\\/\\\/www.facebook.com\\\/chudepoitiers\",\"https:\\\/\\\/x.com\\\/CHU_de_Poitiers\",\"https:\\\/\\\/www.linkedin.com\\\/company\\\/chu-poitiers?trk=company_logo\",\"https:\\\/\\\/www.youtube.com\\\/channel\\\/UCPpTSqyLsR5a-hXJA7zZ6cA\"]}]}<\/script>\n<!-- \/ Yoast SEO plugin. -->","yoast_head_json":{"title":"Partners - Fonds Ali\u00e9nor","robots":{"index":"index","follow":"follow","max-snippet":"max-snippet:-1","max-image-preview":"max-image-preview:large","max-video-preview":"max-video-preview:-1"},"canonical":"https:\/\/www.fonds-alienor.fr\/en\/partners\/","og_locale":"en_US","og_type":"article","og_title":"Partners - Fonds Ali\u00e9nor","og_description":"[vc_row][vc_column][vc_column_text] Lire l&#8217;interview de Fr\u00e9d\u00e9rick Terny, directeur g\u00e9n\u00e9ral de l\u2019imprimerie Sipap-Oudin : &#8220;Le projet concernant la neurochirurgie me touche&#8221; Lire l&#8217;interview de\u00a0Laurent Brunet, directeur de l\u2019hebdomadaire 7 \u00e0 Poitiers : &#8220;Soutenir le fonds Ali\u00e9nor est une fa\u00e7on de contribuer \u00e0 l\u2019int\u00e9r\u00eat g\u00e9n\u00e9ral&#8221; &nbsp; Lire l&#8217;article : &#8220;Les yeux grands ferm\u00e9s remet un ch\u00e8que de 10 [&hellip;]","og_url":"https:\/\/www.fonds-alienor.fr\/en\/partners\/","og_site_name":"Fonds Ali\u00e9nor","article_publisher":"https:\/\/www.facebook.com\/chudepoitiers","article_modified_time":"2023-04-19T09:12:48+00:00","og_image":[{"url":"https:\/\/www.fonds-alienor.fr\/wp-content\/uploads\/2017\/01\/Logo-Sipap-oudin-300x169.jpg","type":"","width":"","height":""}],"twitter_card":"summary_large_image","twitter_site":"@CHU_de_Poitiers","twitter_misc":{"Est. reading time":"2 minutes"},"schema":{"@context":"https:\/\/schema.org","@graph":[{"@type":"WebPage","@id":"https:\/\/www.fonds-alienor.fr\/en\/partners\/","url":"https:\/\/www.fonds-alienor.fr\/en\/partners\/","name":"Partners - Fonds Ali\u00e9nor","isPartOf":{"@id":"https:\/\/www.fonds-alienor.fr\/en\/#website"},"primaryImageOfPage":{"@id":"https:\/\/www.fonds-alienor.fr\/en\/partners\/#primaryimage"},"image":{"@id":"https:\/\/www.fonds-alienor.fr\/en\/partners\/#primaryimage"},"thumbnailUrl":"https:\/\/www.fonds-alienor.fr\/wp-content\/uploads\/2017\/01\/Logo-Sipap-oudin-300x169.jpg","datePublished":"2017-01-17T09:14:37+00:00","dateModified":"2023-04-19T09:12:48+00:00","breadcrumb":{"@id":"https:\/\/www.fonds-alienor.fr\/en\/partners\/#breadcrumb"},"inLanguage":"en-US","potentialAction":[{"@type":"ReadAction","target":["https:\/\/www.fonds-alienor.fr\/en\/partners\/"]}]},{"@type":"ImageObject","inLanguage":"en-US","@id":"https:\/\/www.fonds-alienor.fr\/en\/partners\/#primaryimage","url":"https:\/\/www.fonds-alienor.fr\/wp-content\/uploads\/2017\/01\/Logo-Sipap-oudin-300x169.jpg","contentUrl":"https:\/\/www.fonds-alienor.fr\/wp-content\/uploads\/2017\/01\/Logo-Sipap-oudin-300x169.jpg"},{"@type":"BreadcrumbList","@id":"https:\/\/www.fonds-alienor.fr\/en\/partners\/#breadcrumb","itemListElement":[{"@type":"ListItem","position":1,"name":"Accueil","item":"https:\/\/www.fonds-alienor.fr\/en\/"},{"@type":"ListItem","position":2,"name":"Partners"}]},{"@type":"WebSite","@id":"https:\/\/www.fonds-alienor.fr\/en\/#website","url":"https:\/\/www.fonds-alienor.fr\/en\/","name":"Fonds Ali\u00e9nor","description":"Emmenons la recherche m\u00e9dicale","publisher":{"@id":"https:\/\/www.fonds-alienor.fr\/en\/#organization"},"potentialAction":[{"@type":"SearchAction","target":{"@type":"EntryPoint","urlTemplate":"https:\/\/www.fonds-alienor.fr\/en\/?s={search_term_string}"},"query-input":{"@type":"PropertyValueSpecification","valueRequired":true,"valueName":"search_term_string"}}],"inLanguage":"en-US"},{"@type":"Organization","@id":"https:\/\/www.fonds-alienor.fr\/en\/#organization","name":"Fonds Ali\u00e9nor du CHU de Poitiers","url":"https:\/\/www.fonds-alienor.fr\/en\/","logo":{"@type":"ImageObject","inLanguage":"en-US","@id":"https:\/\/www.fonds-alienor.fr\/en\/#\/schema\/logo\/image\/","url":"https:\/\/www.fonds-alienor.fr\/wp-content\/uploads\/2025\/10\/logo_114px.png","contentUrl":"https:\/\/www.fonds-alienor.fr\/wp-content\/uploads\/2025\/10\/logo_114px.png","width":114,"height":114,"caption":"Fonds Ali\u00e9nor du CHU de Poitiers"},"image":{"@id":"https:\/\/www.fonds-alienor.fr\/en\/#\/schema\/logo\/image\/"},"sameAs":["https:\/\/www.facebook.com\/chudepoitiers","https:\/\/x.com\/CHU_de_Poitiers","https:\/\/www.linkedin.com\/company\/chu-poitiers?trk=company_logo","https:\/\/www.youtube.com\/channel\/UCPpTSqyLsR5a-hXJA7zZ6cA"]}]}},"_links":{"self":[{"href":"https:\/\/www.fonds-alienor.fr\/en\/wp-json\/wp\/v2\/pages\/2634","targetHints":{"allow":["GET"]}}],"collection":[{"href":"https:\/\/www.fonds-alienor.fr\/en\/wp-json\/wp\/v2\/pages"}],"about":[{"href":"https:\/\/www.fonds-alienor.fr\/en\/wp-json\/wp\/v2\/types\/page"}],"author":[{"embeddable":true,"href":"https:\/\/www.fonds-alienor.fr\/en\/wp-json\/wp\/v2\/users\/13"}],"replies":[{"embeddable":true,"href":"https:\/\/www.fonds-alienor.fr\/en\/wp-json\/wp\/v2\/comments?post=2634"}],"version-history":[{"count":2,"href":"https:\/\/www.fonds-alienor.fr\/en\/wp-json\/wp\/v2\/pages\/2634\/revisions"}],"predecessor-version":[{"id":6424,"href":"https:\/\/www.fonds-alienor.fr\/en\/wp-json\/wp\/v2\/pages\/2634\/revisions\/6424"}],"wp:attachment":[{"href":"https:\/\/www.fonds-alienor.fr\/en\/wp-json\/wp\/v2\/media?parent=2634"}],"curies":[{"name":"wp","href":"https:\/\/api.w.org\/{rel}","templated":true}]}}