{"id":2644,"date":"2019-11-06T10:34:04","date_gmt":"2019-11-06T09:34:04","guid":{"rendered":"http:\/\/localhost\/fond-alienor\/funded-projects\/"},"modified":"2021-08-23T11:52:08","modified_gmt":"2021-08-23T09:52:08","slug":"funded-projects","status":"publish","type":"page","link":"https:\/\/www.fonds-alienor.fr\/en\/funded-projects\/","title":{"rendered":"Funded projects"},"content":{"rendered":"<div class=\"wpb-content-wrapper\"><p>[vc_row][vc_column][vc_empty_space height=&#8221;22px&#8221;][vc_custom_heading text=&#8221;Funded projects&#8221; font_container=&#8221;tag:h3|text_align:center|color:%23ed1941&#8243; google_fonts=&#8221;font_family:Oxygen%3A300%2Cregular%2C700|font_style:400%20regular%3A400%3Anormal&#8221;][vc_empty_space][\/vc_column][\/vc_row][vc_row gap=&#8221;15&#8243; equal_height=&#8221;yes&#8221;][vc_column width=&#8221;1\/3&#8243; css=&#8221;.vc_custom_1573032504982{background-color: #ededed !important;}&#8221;][vc_single_image image=&#8221;3272&#8243; img_size=&#8221;400&#215;200&#8243; alignment=&#8221;center&#8221; onclick=&#8221;custom_link&#8221; link=&#8221;https:\/\/www.fonds-alienor.fr\/wpd-projects\/evaluation-de-la-qualite-du-sommeil-et-de-ses-consequences-en-reanimation\/&#8221;][vc_text_separator title=&#8221;Qualit\u00e9 du sommeil et ses cons\u00e9quences en r\u00e9animation&#8221; color=&#8221;custom&#8221; accent_color=&#8221;#ed1941&#8243; css=&#8221;.vc_custom_1622796032634{margin-bottom: 0px !important;border-bottom-width: 0px !important;padding-bottom: 0px !important;}&#8221;][vc_column_text css=&#8221;.vc_custom_1622795279770{margin-top: 10px !important;margin-bottom: 20px !important;border-top-width: 0px !important;border-bottom-width: 0px !important;padding-top: 0px !important;padding-bottom: 0px !important;}&#8221;]<\/p>\n<p style=\"text-align: right;\"><em>Pr Xavier Drouot<br \/>\n<\/em><\/p>\n<p>[\/vc_column_text][\/vc_column][vc_column width=&#8221;1\/3&#8243; css=&#8221;.vc_custom_1573032597848{background-color: #ededed !important;}&#8221;][vc_single_image image=&#8221;3261&#8243; img_size=&#8221;400&#215;200&#8243; alignment=&#8221;center&#8221; onclick=&#8221;custom_link&#8221; link=&#8221;https:\/\/www.fonds-alienor.fr\/wpd-projects\/generation-de-mini-reins-a-partir-de-cellules-souches-urinaires-un-modele-innovant-pour-la-recherche-sur-la-transplantation-dorganes\/&#8221;][vc_text_separator title=&#8221;Mini-reins \u00e0 partir de cellules souches urinaires&#8221; color=&#8221;custom&#8221; accent_color=&#8221;#ed1941&#8243; css=&#8221;.vc_custom_1622795174104{margin-bottom: 0px !important;border-bottom-width: 0px !important;padding-bottom: 0px !important;}&#8221;][vc_column_text css=&#8221;.vc_custom_1622795155520{margin-top: 10px !important;margin-bottom: 20px !important;border-top-width: 0px !important;border-bottom-width: 0px !important;padding-top: 0px !important;padding-bottom: 0px !important;}&#8221;]<\/p>\n<p style=\"text-align: right;\"><em>Clara Steichen<br \/>\n<\/em><\/p>\n<p>[\/vc_column_text][\/vc_column][vc_column width=&#8221;1\/3&#8243; css=&#8221;.vc_custom_1573032546396{background-color: #ededed !important;}&#8221;][vc_single_image image=&#8221;3264&#8243; img_size=&#8221;400&#215;200&#8243; alignment=&#8221;center&#8221; onclick=&#8221;custom_link&#8221; link=&#8221;https:\/\/www.fonds-alienor.fr\/wpd-projects\/etude-de-la-biodisponibilite-des-antibiotiques-avant-et-apres-la-chirurgie-bariatrique-chez-le-patient-atteint-dobesite\/&#8221;][vc_text_separator title=&#8221;Biodisponibilit\u00e9 des antibio. en chirurgie bariatrique&#8221; color=&#8221;custom&#8221; accent_color=&#8221;#ed1941&#8243; css=&#8221;.vc_custom_1623142460685{margin-bottom: 0px !important;border-bottom-width: 0px !important;padding-bottom: 0px !important;}&#8221;][vc_column_text css=&#8221;.vc_custom_1623142471061{margin-top: 10px !important;margin-bottom: 20px !important;border-top-width: 0px !important;border-bottom-width: 0px !important;padding-top: 0px !important;padding-bottom: 0px !important;}&#8221;]<\/p>\n<p style=\"text-align: right;\"><em>Pr Blandine Rammaert<br \/>\n<\/em><\/p>\n<p>[\/vc_column_text][\/vc_column][\/vc_row][vc_row gap=&#8221;15&#8243; equal_height=&#8221;yes&#8221;][vc_column width=&#8221;1\/3&#8243; css=&#8221;.vc_custom_1573032504982{background-color: #ededed !important;}&#8221;][vc_single_image image=&#8221;2860&#8243; img_size=&#8221;400&#215;200&#8243; alignment=&#8221;center&#8221; onclick=&#8221;custom_link&#8221; link=&#8221;https:\/\/www.fonds-alienor.fr\/wpd-projects\/recherche-degenerescence-maculaire-liee-a-lage-dmla\/&#8221;][vc_text_separator title=&#8221;D\u00e9g\u00e9n\u00e9rescence maculaire li\u00e9e \u00e0 l&#8217;\u00e2ge (DMLA)&#8221; color=&#8221;custom&#8221; accent_color=&#8221;#ed1941&#8243; css=&#8221;.vc_custom_1622794992266{margin-bottom: 0px !important;border-bottom-width: 0px !important;padding-bottom: 0px !important;}&#8221;][vc_column_text css=&#8221;.vc_custom_1622794975720{margin-top: 10px !important;margin-bottom: 20px !important;border-top-width: 0px !important;border-bottom-width: 0px !important;padding-top: 0px !important;padding-bottom: 0px !important;}&#8221;]<\/p>\n<p style=\"text-align: right;\"><em>Pr Nicolas Leveziel<br \/>\n<\/em><\/p>\n<p>[\/vc_column_text][\/vc_column][vc_column width=&#8221;1\/3&#8243; css=&#8221;.vc_custom_1573032597848{background-color: #ededed !important;}&#8221;][vc_single_image image=&#8221;3269&#8243; img_size=&#8221;400&#215;200&#8243; alignment=&#8221;center&#8221; onclick=&#8221;custom_link&#8221; link=&#8221;https:\/\/www.fonds-alienor.fr\/wpd-projects\/utilisation-de-laromatherapie-pour-les-soins-de-bouche-des-patients-en-hospitalisation-a-domicile-soins-palliatifs-geriatrie-et-cancerologie\/&#8221;][vc_text_separator title=&#8221;Utilisation de l&#8217;aromath\u00e9rapie pour les soins de bouche&#8221; color=&#8221;custom&#8221; accent_color=&#8221;#ed1941&#8243; css=&#8221;.vc_custom_1601299333682{margin-bottom: 0px !important;border-bottom-width: 0px !important;padding-bottom: 0px !important;}&#8221;][vc_column_text css=&#8221;.vc_custom_1601299316032{margin-top: 10px !important;margin-bottom: 20px !important;border-top-width: 0px !important;border-bottom-width: 0px !important;padding-top: 0px !important;padding-bottom: 0px !important;}&#8221;]<\/p>\n<p style=\"text-align: right;\"><em>Catherine Boisseau<br \/>\n<\/em><\/p>\n<p>[\/vc_column_text][\/vc_column][vc_column width=&#8221;1\/3&#8243; css=&#8221;.vc_custom_1573032546396{background-color: #ededed !important;}&#8221;][vc_single_image image=&#8221;2874&#8243; img_size=&#8221;400&#215;200&#8243; alignment=&#8221;center&#8221; onclick=&#8221;custom_link&#8221; link=&#8221;https:\/\/www.fonds-alienor.fr\/wpd-projects\/evaluation-dune-technique-dimagerie-innovante-oct-pose-de-stents-coronaires\/&#8221;][vc_text_separator title=&#8221;Imagerie innovante (OCT) pour la pose de stents&#8221; color=&#8221;custom&#8221; accent_color=&#8221;#ed1941&#8243; css=&#8221;.vc_custom_1622795117456{margin-bottom: 0px !important;border-bottom-width: 0px !important;padding-bottom: 0px !important;}&#8221;][vc_column_text css=&#8221;.vc_custom_1622795097255{margin-top: 10px !important;margin-bottom: 20px !important;border-top-width: 0px !important;border-bottom-width: 0px !important;padding-top: 0px !important;padding-bottom: 0px !important;}&#8221;]<\/p>\n<p style=\"text-align: right;\"><em>Dr S\u00e9bastien Levesque<br \/>\n<\/em><\/p>\n<p>[\/vc_column_text][\/vc_column][\/vc_row][vc_row gap=&#8221;15&#8243; equal_height=&#8221;yes&#8221;][vc_column width=&#8221;1\/3&#8243; css=&#8221;.vc_custom_1573032504982{background-color: #ededed !important;}&#8221;][vc_single_image image=&#8221;3267&#8243; img_size=&#8221;400&#215;200&#8243; alignment=&#8221;center&#8221; onclick=&#8221;custom_link&#8221; link=&#8221;https:\/\/www.fonds-alienor.fr\/wpd-projects\/cartographier-le-mal-de-dos-grace-a-une-application-pour-mieux-soigner-les-malades\/&#8221;][vc_text_separator title=&#8221;Cartographier le mal de dos gr\u00e2ce \u00e0 une application&#8221; color=&#8221;custom&#8221; accent_color=&#8221;#ed1941&#8243; css=&#8221;.vc_custom_1601299606035{margin-bottom: 0px !important;border-bottom-width: 0px !important;padding-bottom: 0px !important;}&#8221;][vc_column_text css=&#8221;.vc_custom_1601299617488{margin-top: 10px !important;margin-bottom: 20px !important;border-top-width: 0px !important;border-bottom-width: 0px !important;padding-top: 0px !important;padding-bottom: 0px !important;}&#8221;]<\/p>\n<p style=\"text-align: right;\"><em>Pr Philippe Rigoard<br \/>\n<\/em><\/p>\n<p>[\/vc_column_text][\/vc_column][vc_column width=&#8221;1\/3&#8243; css=&#8221;.vc_custom_1573032597848{background-color: #ededed !important;}&#8221;][vc_single_image image=&#8221;3258&#8243; img_size=&#8221;400&#215;200&#8243; alignment=&#8221;center&#8221; onclick=&#8221;custom_link&#8221; link=&#8221;https:\/\/www.fonds-alienor.fr\/wpd-projects\/projet-de-recherche-fondamentale-sur-letude-des-tumeurs-cerebrales-glioblastomes\/&#8221;][vc_text_separator title=&#8221;Etude des tumeurs c\u00e9r\u00e9brales (gliobastomes)&#8221; color=&#8221;custom&#8221; accent_color=&#8221;#ed1941&#8243; css=&#8221;.vc_custom_1601299485895{margin-bottom: 0px !important;border-bottom-width: 0px !important;padding-bottom: 0px !important;}&#8221;][vc_column_text css=&#8221;.vc_custom_1601299503463{margin-top: 10px !important;margin-bottom: 20px !important;border-top-width: 0px !important;border-bottom-width: 0px !important;padding-top: 0px !important;padding-bottom: 0px !important;}&#8221;]<\/p>\n<p style=\"text-align: right;\"><em>Dr Pierre-Olivier Guichet<br \/>\n<\/em><\/p>\n<p>[\/vc_column_text][\/vc_column][vc_column width=&#8221;1\/3&#8243; css=&#8221;.vc_custom_1573032546396{background-color: #ededed !important;}&#8221;][vc_single_image image=&#8221;4519&#8243; img_size=&#8221;full&#8221; alignment=&#8221;center&#8221; onclick=&#8221;custom_link&#8221; link=&#8221;https:\/\/www.fonds-alienor.fr\/wpd-projects\/financement-robot-rosatm-neurochirurgie\/&#8221;][vc_text_separator title=&#8221;Robot Rosa<br \/>\nen neurochirurgie&#8221; color=&#8221;custom&#8221; accent_color=&#8221;#ed1941&#8243; css=&#8221;.vc_custom_1622728498510{margin-bottom: 0px !important;border-bottom-width: 0px !important;padding-bottom: 0px !important;}&#8221;][vc_column_text css=&#8221;.vc_custom_1584534880027{margin-top: 10px !important;margin-bottom: 20px !important;border-top-width: 0px !important;border-bottom-width: 0px !important;padding-top: 0px !important;padding-bottom: 0px !important;}&#8221;]<\/p>\n<p style=\"text-align: right;\"><em>Pr Beno\u00eet Bataille<\/em><\/p>\n<p>[\/vc_column_text][\/vc_column][\/vc_row][vc_row gap=&#8221;15&#8243; equal_height=&#8221;yes&#8221;][vc_column width=&#8221;1\/3&#8243; css=&#8221;.vc_custom_1573032504982{background-color: #ededed !important;}&#8221;][vc_single_image image=&#8221;3842&#8243; img_size=&#8221;400&#215;200&#8243; alignment=&#8221;center&#8221; onclick=&#8221;custom_link&#8221; link=&#8221;https:\/\/www.fonds-alienor.fr\/wpd-projects\/recherche-sur-les-perturbateurs-endocriniens\/&#8221;][vc_text_separator title=&#8221;Recherche sur les perturbateurs endocriniens&#8221; color=&#8221;custom&#8221; accent_color=&#8221;#ed1941&#8243; css=&#8221;.vc_custom_1586875140036{margin-bottom: 0px !important;border-bottom-width: 0px !important;padding-bottom: 0px !important;}&#8221;][vc_column_text css=&#8221;.vc_custom_1584535418490{margin-top: 10px !important;margin-bottom: 20px !important;border-top-width: 0px !important;border-bottom-width: 0px !important;padding-top: 0px !important;padding-bottom: 0px !important;}&#8221;]<\/p>\n<p style=\"text-align: right;\"><em>Pr Virginie Migeot<br \/>\n<\/em><\/p>\n<p>[\/vc_column_text][\/vc_column][vc_column width=&#8221;1\/3&#8243; css=&#8221;.vc_custom_1573032597848{background-color: #ededed !important;}&#8221;][vc_single_image image=&#8221;3836&#8243; img_size=&#8221;400&#215;200&#8243; alignment=&#8221;center&#8221; onclick=&#8221;custom_link&#8221; link=&#8221;https:\/\/www.fonds-alienor.fr\/wpd-projects\/etude-tumeurs-cerebrales\/&#8221;][vc_text_separator title=&#8221;\u00e9tude sur les tumeurs c\u00e9r\u00e9brales&#8221; color=&#8221;custom&#8221; accent_color=&#8221;#ed1941&#8243; css=&#8221;.vc_custom_1586875121763{margin-bottom: 0px !important;border-bottom-width: 0px !important;padding-bottom: 0px !important;}&#8221;][vc_column_text css=&#8221;.vc_custom_1584534880027{margin-top: 10px !important;margin-bottom: 20px !important;border-top-width: 0px !important;border-bottom-width: 0px !important;padding-top: 0px !important;padding-bottom: 0px !important;}&#8221;]<\/p>\n<p style=\"text-align: right;\"><em>Pr Beno\u00eet Bataille<\/em><\/p>\n<p>[\/vc_column_text][\/vc_column][vc_column width=&#8221;1\/3&#8243; css=&#8221;.vc_custom_1573032546396{background-color: #ededed !important;}&#8221;][\/vc_column][\/vc_row]<\/p>\n<\/div>","protected":false},"excerpt":{"rendered":"<p>[vc_row][vc_column][vc_empty_space height=&#8221;22px&#8221;][vc_custom_heading text=&#8221;Funded projects&#8221; font_container=&#8221;tag:h3|text_align:center|color:%23ed1941&#8243; google_fonts=&#8221;font_family:Oxygen%3A300%2Cregular%2C700|font_style:400%20regular%3A400%3Anormal&#8221;][vc_empty_space][\/vc_column][\/vc_row][vc_row gap=&#8221;15&#8243; equal_height=&#8221;yes&#8221;][vc_column width=&#8221;1\/3&#8243; css=&#8221;.vc_custom_1573032504982{background-color: #ededed !important;}&#8221;][vc_single_image image=&#8221;3272&#8243; img_size=&#8221;400&#215;200&#8243; alignment=&#8221;center&#8221; onclick=&#8221;custom_link&#8221; link=&#8221;https:\/\/www.fonds-alienor.fr\/wpd-projects\/evaluation-de-la-qualite-du-sommeil-et-de-ses-consequences-en-reanimation\/&#8221;][vc_text_separator title=&#8221;Qualit\u00e9 du sommeil et ses cons\u00e9quences en r\u00e9animation&#8221; color=&#8221;custom&#8221; accent_color=&#8221;#ed1941&#8243; css=&#8221;.vc_custom_1622796032634{margin-bottom: 0px !important;border-bottom-width: 0px !important;padding-bottom: 0px !important;}&#8221;][vc_column_text css=&#8221;.vc_custom_1622795279770{margin-top: 10px !important;margin-bottom: 20px !important;border-top-width: 0px !important;border-bottom-width: 0px !important;padding-top: 0px !important;padding-bottom: 0px !important;}&#8221;] Pr Xavier Drouot [\/vc_column_text][\/vc_column][vc_column width=&#8221;1\/3&#8243; css=&#8221;.vc_custom_1573032597848{background-color: #ededed !important;}&#8221;][vc_single_image [&hellip;]<\/p>\n","protected":false},"author":13,"featured_media":0,"parent":0,"menu_order":0,"comment_status":"closed","ping_status":"closed","template":"","meta":{"footnotes":""},"class_list":["post-2644","page","type-page","status-publish","hentry"],"yoast_head":"<!-- This site is optimized with the Yoast SEO plugin v27.3 - https:\/\/yoast.com\/product\/yoast-seo-wordpress\/ -->\n<title>Funded projects - Fonds Ali\u00e9nor<\/title>\n<meta name=\"robots\" content=\"index, follow, max-snippet:-1, max-image-preview:large, max-video-preview:-1\" \/>\n<link rel=\"canonical\" href=\"https:\/\/www.fonds-alienor.fr\/en\/our-projects\/funded-projects\/\" \/>\n<meta property=\"og:locale\" content=\"en_US\" \/>\n<meta property=\"og:type\" content=\"article\" \/>\n<meta property=\"og:title\" content=\"Funded projects - Fonds Ali\u00e9nor\" \/>\n<meta property=\"og:description\" content=\"[vc_row][vc_column][vc_empty_space height=&#8221;22px&#8221;][vc_custom_heading text=&#8221;Funded projects&#8221; font_container=&#8221;tag:h3|text_align:center|color:%23ed1941&#8243; google_fonts=&#8221;font_family:Oxygen%3A300%2Cregular%2C700|font_style:400%20regular%3A400%3Anormal&#8221;][vc_empty_space][\/vc_column][\/vc_row][vc_row gap=&#8221;15&#8243; equal_height=&#8221;yes&#8221;][vc_column width=&#8221;1\/3&#8243; css=&#8221;.vc_custom_1573032504982{background-color: #ededed !important;}&#8221;][vc_single_image image=&#8221;3272&#8243; img_size=&#8221;400&#215;200&#8243; alignment=&#8221;center&#8221; onclick=&#8221;custom_link&#8221; link=&#8221;https:\/\/www.fonds-alienor.fr\/wpd-projects\/evaluation-de-la-qualite-du-sommeil-et-de-ses-consequences-en-reanimation\/&#8221;][vc_text_separator title=&#8221;Qualit\u00e9 du sommeil et ses cons\u00e9quences en r\u00e9animation&#8221; color=&#8221;custom&#8221; accent_color=&#8221;#ed1941&#8243; css=&#8221;.vc_custom_1622796032634{margin-bottom: 0px !important;border-bottom-width: 0px !important;padding-bottom: 0px !important;}&#8221;][vc_column_text css=&#8221;.vc_custom_1622795279770{margin-top: 10px !important;margin-bottom: 20px !important;border-top-width: 0px !important;border-bottom-width: 0px !important;padding-top: 0px !important;padding-bottom: 0px !important;}&#8221;] Pr Xavier Drouot [\/vc_column_text][\/vc_column][vc_column width=&#8221;1\/3&#8243; css=&#8221;.vc_custom_1573032597848{background-color: #ededed !important;}&#8221;][vc_single_image [&hellip;]\" \/>\n<meta property=\"og:url\" content=\"https:\/\/www.fonds-alienor.fr\/en\/our-projects\/funded-projects\/\" \/>\n<meta property=\"og:site_name\" content=\"Fonds Ali\u00e9nor\" \/>\n<meta property=\"article:publisher\" content=\"https:\/\/www.facebook.com\/chudepoitiers\" \/>\n<meta property=\"article:modified_time\" content=\"2021-08-23T09:52:08+00:00\" \/>\n<meta name=\"twitter:card\" content=\"summary_large_image\" \/>\n<meta name=\"twitter:site\" content=\"@CHU_de_Poitiers\" \/>\n<meta name=\"twitter:label1\" content=\"Est. reading time\" \/>\n\t<meta name=\"twitter:data1\" content=\"3 minutes\" \/>\n<script type=\"application\/ld+json\" class=\"yoast-schema-graph\">{\"@context\":\"https:\\\/\\\/schema.org\",\"@graph\":[{\"@type\":\"WebPage\",\"@id\":\"https:\\\/\\\/www.fonds-alienor.fr\\\/en\\\/our-projects\\\/funded-projects\\\/\",\"url\":\"https:\\\/\\\/www.fonds-alienor.fr\\\/en\\\/our-projects\\\/funded-projects\\\/\",\"name\":\"Funded projects - Fonds Ali\u00e9nor\",\"isPartOf\":{\"@id\":\"https:\\\/\\\/www.fonds-alienor.fr\\\/en\\\/#website\"},\"datePublished\":\"2019-11-06T09:34:04+00:00\",\"dateModified\":\"2021-08-23T09:52:08+00:00\",\"breadcrumb\":{\"@id\":\"https:\\\/\\\/www.fonds-alienor.fr\\\/en\\\/our-projects\\\/funded-projects\\\/#breadcrumb\"},\"inLanguage\":\"en-US\",\"potentialAction\":[{\"@type\":\"ReadAction\",\"target\":[\"https:\\\/\\\/www.fonds-alienor.fr\\\/en\\\/our-projects\\\/funded-projects\\\/\"]}]},{\"@type\":\"BreadcrumbList\",\"@id\":\"https:\\\/\\\/www.fonds-alienor.fr\\\/en\\\/our-projects\\\/funded-projects\\\/#breadcrumb\",\"itemListElement\":[{\"@type\":\"ListItem\",\"position\":1,\"name\":\"Accueil\",\"item\":\"https:\\\/\\\/www.fonds-alienor.fr\\\/en\\\/\"},{\"@type\":\"ListItem\",\"position\":2,\"name\":\"Our projects\",\"item\":\"https:\\\/\\\/www.fonds-alienor.fr\\\/en\\\/our-projects\\\/\"},{\"@type\":\"ListItem\",\"position\":3,\"name\":\"Funded projects\"}]},{\"@type\":\"WebSite\",\"@id\":\"https:\\\/\\\/www.fonds-alienor.fr\\\/en\\\/#website\",\"url\":\"https:\\\/\\\/www.fonds-alienor.fr\\\/en\\\/\",\"name\":\"Fonds Ali\u00e9nor\",\"description\":\"Emmenons la recherche m\u00e9dicale\",\"publisher\":{\"@id\":\"https:\\\/\\\/www.fonds-alienor.fr\\\/en\\\/#organization\"},\"potentialAction\":[{\"@type\":\"SearchAction\",\"target\":{\"@type\":\"EntryPoint\",\"urlTemplate\":\"https:\\\/\\\/www.fonds-alienor.fr\\\/en\\\/?s={search_term_string}\"},\"query-input\":{\"@type\":\"PropertyValueSpecification\",\"valueRequired\":true,\"valueName\":\"search_term_string\"}}],\"inLanguage\":\"en-US\"},{\"@type\":\"Organization\",\"@id\":\"https:\\\/\\\/www.fonds-alienor.fr\\\/en\\\/#organization\",\"name\":\"Fonds Ali\u00e9nor du CHU de Poitiers\",\"url\":\"https:\\\/\\\/www.fonds-alienor.fr\\\/en\\\/\",\"logo\":{\"@type\":\"ImageObject\",\"inLanguage\":\"en-US\",\"@id\":\"https:\\\/\\\/www.fonds-alienor.fr\\\/en\\\/#\\\/schema\\\/logo\\\/image\\\/\",\"url\":\"https:\\\/\\\/www.fonds-alienor.fr\\\/wp-content\\\/uploads\\\/2025\\\/10\\\/logo_114px.png\",\"contentUrl\":\"https:\\\/\\\/www.fonds-alienor.fr\\\/wp-content\\\/uploads\\\/2025\\\/10\\\/logo_114px.png\",\"width\":114,\"height\":114,\"caption\":\"Fonds Ali\u00e9nor du CHU de Poitiers\"},\"image\":{\"@id\":\"https:\\\/\\\/www.fonds-alienor.fr\\\/en\\\/#\\\/schema\\\/logo\\\/image\\\/\"},\"sameAs\":[\"https:\\\/\\\/www.facebook.com\\\/chudepoitiers\",\"https:\\\/\\\/x.com\\\/CHU_de_Poitiers\",\"https:\\\/\\\/www.linkedin.com\\\/company\\\/chu-poitiers?trk=company_logo\",\"https:\\\/\\\/www.youtube.com\\\/channel\\\/UCPpTSqyLsR5a-hXJA7zZ6cA\"]}]}<\/script>\n<!-- \/ Yoast SEO plugin. -->","yoast_head_json":{"title":"Funded projects - Fonds Ali\u00e9nor","robots":{"index":"index","follow":"follow","max-snippet":"max-snippet:-1","max-image-preview":"max-image-preview:large","max-video-preview":"max-video-preview:-1"},"canonical":"https:\/\/www.fonds-alienor.fr\/en\/our-projects\/funded-projects\/","og_locale":"en_US","og_type":"article","og_title":"Funded projects - Fonds Ali\u00e9nor","og_description":"[vc_row][vc_column][vc_empty_space height=&#8221;22px&#8221;][vc_custom_heading text=&#8221;Funded projects&#8221; font_container=&#8221;tag:h3|text_align:center|color:%23ed1941&#8243; google_fonts=&#8221;font_family:Oxygen%3A300%2Cregular%2C700|font_style:400%20regular%3A400%3Anormal&#8221;][vc_empty_space][\/vc_column][\/vc_row][vc_row gap=&#8221;15&#8243; equal_height=&#8221;yes&#8221;][vc_column width=&#8221;1\/3&#8243; css=&#8221;.vc_custom_1573032504982{background-color: #ededed !important;}&#8221;][vc_single_image image=&#8221;3272&#8243; img_size=&#8221;400&#215;200&#8243; alignment=&#8221;center&#8221; onclick=&#8221;custom_link&#8221; link=&#8221;https:\/\/www.fonds-alienor.fr\/wpd-projects\/evaluation-de-la-qualite-du-sommeil-et-de-ses-consequences-en-reanimation\/&#8221;][vc_text_separator title=&#8221;Qualit\u00e9 du sommeil et ses cons\u00e9quences en r\u00e9animation&#8221; color=&#8221;custom&#8221; accent_color=&#8221;#ed1941&#8243; css=&#8221;.vc_custom_1622796032634{margin-bottom: 0px !important;border-bottom-width: 0px !important;padding-bottom: 0px !important;}&#8221;][vc_column_text css=&#8221;.vc_custom_1622795279770{margin-top: 10px !important;margin-bottom: 20px !important;border-top-width: 0px !important;border-bottom-width: 0px !important;padding-top: 0px !important;padding-bottom: 0px !important;}&#8221;] Pr Xavier Drouot [\/vc_column_text][\/vc_column][vc_column width=&#8221;1\/3&#8243; css=&#8221;.vc_custom_1573032597848{background-color: #ededed !important;}&#8221;][vc_single_image [&hellip;]","og_url":"https:\/\/www.fonds-alienor.fr\/en\/our-projects\/funded-projects\/","og_site_name":"Fonds Ali\u00e9nor","article_publisher":"https:\/\/www.facebook.com\/chudepoitiers","article_modified_time":"2021-08-23T09:52:08+00:00","twitter_card":"summary_large_image","twitter_site":"@CHU_de_Poitiers","twitter_misc":{"Est. reading time":"3 minutes"},"schema":{"@context":"https:\/\/schema.org","@graph":[{"@type":"WebPage","@id":"https:\/\/www.fonds-alienor.fr\/en\/our-projects\/funded-projects\/","url":"https:\/\/www.fonds-alienor.fr\/en\/our-projects\/funded-projects\/","name":"Funded projects - Fonds Ali\u00e9nor","isPartOf":{"@id":"https:\/\/www.fonds-alienor.fr\/en\/#website"},"datePublished":"2019-11-06T09:34:04+00:00","dateModified":"2021-08-23T09:52:08+00:00","breadcrumb":{"@id":"https:\/\/www.fonds-alienor.fr\/en\/our-projects\/funded-projects\/#breadcrumb"},"inLanguage":"en-US","potentialAction":[{"@type":"ReadAction","target":["https:\/\/www.fonds-alienor.fr\/en\/our-projects\/funded-projects\/"]}]},{"@type":"BreadcrumbList","@id":"https:\/\/www.fonds-alienor.fr\/en\/our-projects\/funded-projects\/#breadcrumb","itemListElement":[{"@type":"ListItem","position":1,"name":"Accueil","item":"https:\/\/www.fonds-alienor.fr\/en\/"},{"@type":"ListItem","position":2,"name":"Our projects","item":"https:\/\/www.fonds-alienor.fr\/en\/our-projects\/"},{"@type":"ListItem","position":3,"name":"Funded projects"}]},{"@type":"WebSite","@id":"https:\/\/www.fonds-alienor.fr\/en\/#website","url":"https:\/\/www.fonds-alienor.fr\/en\/","name":"Fonds Ali\u00e9nor","description":"Emmenons la recherche m\u00e9dicale","publisher":{"@id":"https:\/\/www.fonds-alienor.fr\/en\/#organization"},"potentialAction":[{"@type":"SearchAction","target":{"@type":"EntryPoint","urlTemplate":"https:\/\/www.fonds-alienor.fr\/en\/?s={search_term_string}"},"query-input":{"@type":"PropertyValueSpecification","valueRequired":true,"valueName":"search_term_string"}}],"inLanguage":"en-US"},{"@type":"Organization","@id":"https:\/\/www.fonds-alienor.fr\/en\/#organization","name":"Fonds Ali\u00e9nor du CHU de Poitiers","url":"https:\/\/www.fonds-alienor.fr\/en\/","logo":{"@type":"ImageObject","inLanguage":"en-US","@id":"https:\/\/www.fonds-alienor.fr\/en\/#\/schema\/logo\/image\/","url":"https:\/\/www.fonds-alienor.fr\/wp-content\/uploads\/2025\/10\/logo_114px.png","contentUrl":"https:\/\/www.fonds-alienor.fr\/wp-content\/uploads\/2025\/10\/logo_114px.png","width":114,"height":114,"caption":"Fonds Ali\u00e9nor du CHU de Poitiers"},"image":{"@id":"https:\/\/www.fonds-alienor.fr\/en\/#\/schema\/logo\/image\/"},"sameAs":["https:\/\/www.facebook.com\/chudepoitiers","https:\/\/x.com\/CHU_de_Poitiers","https:\/\/www.linkedin.com\/company\/chu-poitiers?trk=company_logo","https:\/\/www.youtube.com\/channel\/UCPpTSqyLsR5a-hXJA7zZ6cA"]}]}},"_links":{"self":[{"href":"https:\/\/www.fonds-alienor.fr\/en\/wp-json\/wp\/v2\/pages\/2644","targetHints":{"allow":["GET"]}}],"collection":[{"href":"https:\/\/www.fonds-alienor.fr\/en\/wp-json\/wp\/v2\/pages"}],"about":[{"href":"https:\/\/www.fonds-alienor.fr\/en\/wp-json\/wp\/v2\/types\/page"}],"author":[{"embeddable":true,"href":"https:\/\/www.fonds-alienor.fr\/en\/wp-json\/wp\/v2\/users\/13"}],"replies":[{"embeddable":true,"href":"https:\/\/www.fonds-alienor.fr\/en\/wp-json\/wp\/v2\/comments?post=2644"}],"version-history":[{"count":2,"href":"https:\/\/www.fonds-alienor.fr\/en\/wp-json\/wp\/v2\/pages\/2644\/revisions"}],"predecessor-version":[{"id":4933,"href":"https:\/\/www.fonds-alienor.fr\/en\/wp-json\/wp\/v2\/pages\/2644\/revisions\/4933"}],"wp:attachment":[{"href":"https:\/\/www.fonds-alienor.fr\/en\/wp-json\/wp\/v2\/media?parent=2644"}],"curies":[{"name":"wp","href":"https:\/\/api.w.org\/{rel}","templated":true}]}}