{"id":2646,"date":"2019-11-06T11:10:13","date_gmt":"2019-11-06T10:10:13","guid":{"rendered":"http:\/\/localhost\/fond-alienor\/frprojets-en-cours\/"},"modified":"2021-08-23T11:50:56","modified_gmt":"2021-08-23T09:50:56","slug":"projets-en-cours","status":"publish","type":"page","link":"https:\/\/www.fonds-alienor.fr\/en\/projets-en-cours\/","title":{"rendered":"Projects in progress"},"content":{"rendered":"<div class=\"wpb-content-wrapper\"><p>[vc_row][vc_column][vc_empty_space height=&#8221;22px&#8221;][vc_custom_heading text=&#8221;Projects in progress&#8221; font_container=&#8221;tag:h3|text_align:center|color:%23ed1941&#8243; google_fonts=&#8221;font_family:Oxygen%3A300%2Cregular%2C700|font_style:400%20regular%3A400%3Anormal&#8221;][vc_empty_space][\/vc_column][\/vc_row][vc_row gap=&#8221;15&#8243;][vc_column width=&#8221;1\/3&#8243; css=&#8221;.vc_custom_1573033789580{background-color: #ededed !important;}&#8221;][vc_single_image image=&#8221;4720&#8243; img_size=&#8221;400&#215;200&#8243; alignment=&#8221;center&#8221; onclick=&#8221;custom_link&#8221; link=&#8221;https:\/\/www.fonds-alienor.fr\/wpd-projects\/musique-relaxation-reanimation\/&#8221;][vc_text_separator title=&#8221;Impact de la musique et de la lumi\u00e8re en r\u00e9animation&#8221; color=&#8221;custom&#8221; accent_color=&#8221;#ed1941&#8243; css=&#8221;.vc_custom_1622811667823{margin-bottom: 0px !important;border-bottom-width: 0px !important;padding-bottom: 0px !important;}&#8221;][vc_column_text css=&#8221;.vc_custom_1622811808515{margin-top: 10px !important;margin-bottom: 20px !important;border-top-width: 0px !important;border-bottom-width: 0px !important;padding-top: 0px !important;padding-bottom: 0px !important;}&#8221;]<\/p>\n<p style=\"text-align: right;\"><em>Aur\u00e9lie Girault et Anthony Lamy<br \/>\n<\/em><\/p>\n<p>[\/vc_column_text][\/vc_column][vc_column width=&#8221;1\/3&#8243; css=&#8221;.vc_custom_1573033796068{background-color: #ededed !important;}&#8221;][vc_single_image image=&#8221;4681&#8243; img_size=&#8221;400&#215;200&#8243; alignment=&#8221;center&#8221; onclick=&#8221;custom_link&#8221; link=&#8221;https:\/\/www.fonds-alienor.fr\/wpd-projects\/impact-realite-virtuelle-oncopediatrie\/&#8221;][vc_text_separator title=&#8221;R\u00e9alit\u00e9 virtuelle pour r\u00e9duire la douleur en onco-p\u00e9diatrie&#8221; color=&#8221;custom&#8221; accent_color=&#8221;#ed1941&#8243; css=&#8221;.vc_custom_1622810892966{margin-bottom: 0px !important;border-bottom-width: 0px !important;padding-bottom: 0px !important;}&#8221;][vc_column_text css=&#8221;.vc_custom_1622810904554{margin-top: 10px !important;margin-bottom: 20px !important;border-top-width: 0px !important;border-bottom-width: 0px !important;padding-top: 0px !important;padding-bottom: 0px !important;}&#8221;]<\/p>\n<p style=\"text-align: right;\"><em>Amandine Fernandes<br \/>\n<\/em><\/p>\n<p>[\/vc_column_text][\/vc_column][vc_column width=&#8221;1\/3&#8243; css=&#8221;.vc_custom_1573033803740{background-color: #ededed !important;}&#8221;][vc_single_image image=&#8221;4657&#8243; img_size=&#8221;400&#215;200&#8243; alignment=&#8221;center&#8221; onclick=&#8221;custom_link&#8221; link=&#8221;https:\/\/www.fonds-alienor.fr\/wpd-projects\/etude-marqueurs-epigenetiques-autisme\/&#8221;][vc_text_separator title=&#8221;Marqueurs \u00e9pig\u00e9n\u00e9tiques pour d\u00e9celer l&#8217;autisme&#8221; color=&#8221;custom&#8221; accent_color=&#8221;#ed1941&#8243; css=&#8221;.vc_custom_1622807710845{margin-bottom: 0px !important;border-bottom-width: 0px !important;padding-bottom: 0px !important;}&#8221;][vc_column_text css=&#8221;.vc_custom_1622809240428{margin-top: 10px !important;margin-bottom: 20px !important;border-top-width: 0px !important;border-bottom-width: 0px !important;padding-top: 0px !important;padding-bottom: 0px !important;}&#8221;]<\/p>\n<p style=\"text-align: right;\"><em>Dr Matthieu Egloff<br \/>\n<\/em><\/p>\n<p>[\/vc_column_text][\/vc_column][\/vc_row][vc_row gap=&#8221;15&#8243;][vc_column width=&#8221;1\/3&#8243; css=&#8221;.vc_custom_1573033789580{background-color: #ededed !important;}&#8221;][vc_single_image image=&#8221;4570&#8243; img_size=&#8221;400&#215;200&#8243; alignment=&#8221;center&#8221; onclick=&#8221;custom_link&#8221; link=&#8221;https:\/\/www.fonds-alienor.fr\/wpd-projects\/evaluation-evolution-autonomie-alzheimer\/&#8221;][vc_text_separator title=&#8221;Evaluer les patients Alzheimer gr\u00e2ce aux smartphones&#8221; color=&#8221;custom&#8221; accent_color=&#8221;#ed1941&#8243; css=&#8221;.vc_custom_1622799745525{margin-bottom: 0px !important;border-bottom-width: 0px !important;padding-bottom: 0px !important;}&#8221;][vc_column_text css=&#8221;.vc_custom_1622798985007{margin-top: 10px !important;margin-bottom: 20px !important;border-top-width: 0px !important;border-bottom-width: 0px !important;padding-top: 0px !important;padding-bottom: 0px !important;}&#8221;]<\/p>\n<p style=\"text-align: right;\"><em>Dr Adrien Julian<br \/>\n<\/em><\/p>\n<p>[\/vc_column_text][\/vc_column][vc_column width=&#8221;1\/3&#8243; css=&#8221;.vc_custom_1573033796068{background-color: #ededed !important;}&#8221;][vc_single_image image=&#8221;4597&#8243; img_size=&#8221;400&#215;200&#8243; alignment=&#8221;center&#8221; onclick=&#8221;custom_link&#8221; link=&#8221;https:\/\/www.fonds-alienor.fr\/wpd-projects\/comprendre-resistance-bacteries\/&#8221;][vc_text_separator title=&#8221;R\u00e9sistance aux antibiotiques des bact\u00e9ries pathog\u00e8nes&#8221; color=&#8221;custom&#8221; accent_color=&#8221;#ed1941&#8243; css=&#8221;.vc_custom_1622801065845{margin-bottom: 0px !important;border-bottom-width: 0px !important;padding-bottom: 0px !important;}&#8221;][vc_column_text css=&#8221;.vc_custom_1622801077110{margin-top: 10px !important;margin-bottom: 20px !important;border-top-width: 0px !important;border-bottom-width: 0px !important;padding-top: 0px !important;padding-bottom: 0px !important;}&#8221;]<\/p>\n<p style=\"text-align: right;\"><em>Dr Maxime Pichon<br \/>\n<\/em><\/p>\n<p>[\/vc_column_text][\/vc_column][vc_column width=&#8221;1\/3&#8243; css=&#8221;.vc_custom_1573033803740{background-color: #ededed !important;}&#8221;][vc_single_image image=&#8221;4627&#8243; img_size=&#8221;400&#215;200&#8243; alignment=&#8221;center&#8221; onclick=&#8221;custom_link&#8221; link=&#8221;https:\/\/www.fonds-alienor.fr\/wpd-projects\/maladies-dermatologiques-rares\/&#8221;][vc_text_separator title=&#8221;M\u00e9canismes des maladies dermatologiques rares&#8221; color=&#8221;custom&#8221; accent_color=&#8221;#ed1941&#8243; css=&#8221;.vc_custom_1622805894309{margin-bottom: 0px !important;border-bottom-width: 0px !important;padding-bottom: 0px !important;}&#8221;][vc_column_text css=&#8221;.vc_custom_1622805869165{margin-top: 10px !important;margin-bottom: 20px !important;border-top-width: 0px !important;border-bottom-width: 0px !important;padding-top: 0px !important;padding-bottom: 0px !important;}&#8221;]<\/p>\n<p style=\"text-align: right;\"><em>Dr Marie Masson-Regnault<br \/>\n<\/em><\/p>\n<p>[\/vc_column_text][\/vc_column][\/vc_row][vc_row gap=&#8221;15&#8243;][vc_column width=&#8221;1\/3&#8243; css=&#8221;.vc_custom_1573033789580{background-color: #ededed !important;}&#8221;][vc_single_image image=&#8221;3995&#8243; img_size=&#8221;400&#215;200&#8243; alignment=&#8221;center&#8221; onclick=&#8221;custom_link&#8221; link=&#8221;https:\/\/www.fonds-alienor.fr\/wpd-projects\/prevention-infections-nosocomiales\/&#8221;][vc_text_separator title=&#8221;Pr\u00e9vention des infections nosocomiales en chirurgie&#8221; color=&#8221;custom&#8221; accent_color=&#8221;#ed1941&#8243; css=&#8221;.vc_custom_1586873510564{margin-bottom: 0px !important;border-bottom-width: 0px !important;padding-bottom: 0px !important;}&#8221;][vc_column_text css=&#8221;.vc_custom_1584533939717{margin-top: 10px !important;margin-bottom: 20px !important;border-top-width: 0px !important;border-bottom-width: 0px !important;padding-top: 0px !important;padding-bottom: 0px !important;}&#8221;]<\/p>\n<p style=\"text-align: right;\"><em>Dr Matthieu Boisson<\/em><\/p>\n<p>[\/vc_column_text][\/vc_column][vc_column width=&#8221;1\/3&#8243; css=&#8221;.vc_custom_1573033796068{background-color: #ededed !important;}&#8221;][vc_single_image image=&#8221;4001&#8243; img_size=&#8221;400&#215;200&#8243; alignment=&#8221;center&#8221; onclick=&#8221;custom_link&#8221; link=&#8221;https:\/\/www.fonds-alienor.fr\/wpd-projects\/etude-leucemie-myeloide-chronique\/&#8221;][vc_text_separator title=&#8221;Etude de la leuc\u00e9mie my\u00e9lo\u00efde chronique p\u00e9diatrique&#8221; color=&#8221;custom&#8221; accent_color=&#8221;#ed1941&#8243; css=&#8221;.vc_custom_1586873520415{margin-bottom: 0px !important;border-bottom-width: 0px !important;padding-bottom: 0px !important;}&#8221;][vc_column_text css=&#8221;.vc_custom_1584534240978{margin-top: 10px !important;margin-bottom: 20px !important;border-top-width: 0px !important;border-bottom-width: 0px !important;padding-top: 0px !important;padding-bottom: 0px !important;}&#8221;]<\/p>\n<p style=\"text-align: right;\"><em>Pr Fr\u00e9d\u00e9ric Millot<br \/>\n<\/em><\/p>\n<p>[\/vc_column_text][\/vc_column][vc_column width=&#8221;1\/3&#8243; css=&#8221;.vc_custom_1573033803740{background-color: #ededed !important;}&#8221;][vc_single_image image=&#8221;4007&#8243; img_size=&#8221;400&#215;200&#8243; alignment=&#8221;center&#8221; onclick=&#8221;custom_link&#8221; link=&#8221;https:\/\/www.fonds-alienor.fr\/wpd-projects\/etude-comparative-de-limpact-de-lhypnose\/&#8221;][vc_text_separator title=&#8221;Etude comparative de l&#8217;impact de l&#8217;hypnose sur l&#8217;anxi\u00e9t\u00e9&#8221; color=&#8221;custom&#8221; accent_color=&#8221;#ed1941&#8243; css=&#8221;.vc_custom_1586873538531{margin-bottom: 0px !important;border-bottom-width: 0px !important;padding-bottom: 0px !important;}&#8221;][vc_column_text css=&#8221;.vc_custom_1584534220377{margin-top: 10px !important;margin-bottom: 20px !important;border-top-width: 0px !important;border-bottom-width: 0px !important;padding-top: 0px !important;padding-bottom: 0px !important;}&#8221;]<\/p>\n<p style=\"text-align: right;\"><em>S\u00e9verine Texereau<br \/>\n<\/em><\/p>\n<p>[\/vc_column_text][\/vc_column][\/vc_row][vc_row gap=&#8221;15&#8243;][vc_column width=&#8221;1\/3&#8243; css=&#8221;.vc_custom_1573033789580{background-color: #ededed !important;}&#8221;][vc_single_image image=&#8221;3978&#8243; img_size=&#8221;400&#215;200&#8243; alignment=&#8221;center&#8221; onclick=&#8221;custom_link&#8221; link=&#8221;https:\/\/www.fonds-alienor.fr\/wpd-projects\/greffe-cellulaire-pour-traiter-les-brulures-profondes-et-extensives-de-lenfant\/&#8221;][vc_text_separator title=&#8221;Greffe cellulaire pour traiter les br\u00fblures de l&#8217;enfant&#8221; color=&#8221;custom&#8221; accent_color=&#8221;#ed1941&#8243; css=&#8221;.vc_custom_1586873546355{margin-bottom: 0px !important;border-bottom-width: 0px !important;padding-bottom: 0px !important;}&#8221;][vc_column_text css=&#8221;.vc_custom_1584534393219{margin-top: 10px !important;margin-bottom: 20px !important;border-top-width: 0px !important;border-bottom-width: 0px !important;padding-top: 0px !important;padding-bottom: 0px !important;}&#8221;]<\/p>\n<p style=\"text-align: right;\"><em>Pr Jiad Mcheik<br \/>\n<\/em><\/p>\n<p>[\/vc_column_text][\/vc_column][vc_column width=&#8221;1\/3&#8243; css=&#8221;.vc_custom_1573033796068{background-color: #ededed !important;}&#8221;][vc_single_image image=&#8221;3987&#8243; img_size=&#8221;400&#215;200&#8243; alignment=&#8221;center&#8221; onclick=&#8221;custom_link&#8221; link=&#8221;https:\/\/www.fonds-alienor.fr\/wpd-projects\/evaluer-greffon-pre-et-post-transplantation\/&#8221;][vc_text_separator title=&#8221;Anticiper le devenir d&#8217;un organe avant pr\u00e9l\u00e8vement&#8221; color=&#8221;custom&#8221; accent_color=&#8221;#ed1941&#8243; css=&#8221;.vc_custom_1586873554520{margin-bottom: 0px !important;border-bottom-width: 0px !important;padding-bottom: 0px !important;}&#8221;][vc_column_text css=&#8221;.vc_custom_1584534332026{margin-top: 10px !important;margin-bottom: 20px !important;border-top-width: 0px !important;border-bottom-width: 0px !important;padding-top: 0px !important;padding-bottom: 0px !important;}&#8221;]<\/p>\n<p style=\"text-align: right;\"><em>Dr Thomas Kerforne<br \/>\n<\/em><\/p>\n<p>[\/vc_column_text][\/vc_column][vc_column width=&#8221;1\/3&#8243; css=&#8221;.vc_custom_1573033803740{background-color: #ededed !important;}&#8221;][vc_single_image image=&#8221;3845&#8243; img_size=&#8221;400&#215;200&#8243; alignment=&#8221;center&#8221; onclick=&#8221;custom_link&#8221; link=&#8221;https:\/\/www.fonds-alienor.fr\/wpd-projects\/creation-dune-maison-de-sante-publique\/&#8221;][vc_text_separator title=&#8221;La Villa Sant\u00e9, la maison de sant\u00e9 publique&#8221; color=&#8221;custom&#8221; accent_color=&#8221;#ed1941&#8243; css=&#8221;.vc_custom_1586873577598{margin-bottom: 0px !important;border-bottom-width: 0px !important;padding-bottom: 0px !important;}&#8221;][vc_column_text css=&#8221;.vc_custom_1584534486413{margin-top: 10px !important;margin-bottom: 20px !important;border-top-width: 0px !important;border-bottom-width: 0px !important;padding-top: 0px !important;padding-bottom: 0px !important;}&#8221;]<\/p>\n<p style=\"text-align: right;\"><em>Pr Virginie Migeot<br \/>\n<\/em><\/p>\n<p>[\/vc_column_text][\/vc_column][\/vc_row]<\/p>\n<\/div>","protected":false},"excerpt":{"rendered":"<p>[vc_row][vc_column][vc_empty_space height=&#8221;22px&#8221;][vc_custom_heading text=&#8221;Projects in progress&#8221; font_container=&#8221;tag:h3|text_align:center|color:%23ed1941&#8243; google_fonts=&#8221;font_family:Oxygen%3A300%2Cregular%2C700|font_style:400%20regular%3A400%3Anormal&#8221;][vc_empty_space][\/vc_column][\/vc_row][vc_row gap=&#8221;15&#8243;][vc_column width=&#8221;1\/3&#8243; css=&#8221;.vc_custom_1573033789580{background-color: #ededed !important;}&#8221;][vc_single_image image=&#8221;4720&#8243; img_size=&#8221;400&#215;200&#8243; alignment=&#8221;center&#8221; onclick=&#8221;custom_link&#8221; link=&#8221;https:\/\/www.fonds-alienor.fr\/wpd-projects\/musique-relaxation-reanimation\/&#8221;][vc_text_separator title=&#8221;Impact de la musique et de la lumi\u00e8re en r\u00e9animation&#8221; color=&#8221;custom&#8221; accent_color=&#8221;#ed1941&#8243; css=&#8221;.vc_custom_1622811667823{margin-bottom: 0px !important;border-bottom-width: 0px !important;padding-bottom: 0px !important;}&#8221;][vc_column_text css=&#8221;.vc_custom_1622811808515{margin-top: 10px !important;margin-bottom: 20px !important;border-top-width: 0px !important;border-bottom-width: 0px !important;padding-top: 0px !important;padding-bottom: 0px !important;}&#8221;] Aur\u00e9lie Girault et Anthony Lamy [\/vc_column_text][\/vc_column][vc_column [&hellip;]<\/p>\n","protected":false},"author":13,"featured_media":0,"parent":0,"menu_order":0,"comment_status":"closed","ping_status":"closed","template":"","meta":{"footnotes":""},"class_list":["post-2646","page","type-page","status-publish","hentry"],"yoast_head":"<!-- This site is optimized with the Yoast SEO plugin v27.3 - https:\/\/yoast.com\/product\/yoast-seo-wordpress\/ -->\n<title>Projects in progress - Fonds Ali\u00e9nor<\/title>\n<meta name=\"robots\" content=\"index, follow, max-snippet:-1, max-image-preview:large, max-video-preview:-1\" \/>\n<link rel=\"canonical\" href=\"https:\/\/www.fonds-alienor.fr\/en\/our-projects\/projets-en-cours\/\" \/>\n<meta property=\"og:locale\" content=\"en_US\" \/>\n<meta property=\"og:type\" content=\"article\" \/>\n<meta property=\"og:title\" content=\"Projects in progress - Fonds Ali\u00e9nor\" \/>\n<meta property=\"og:description\" content=\"[vc_row][vc_column][vc_empty_space height=&#8221;22px&#8221;][vc_custom_heading text=&#8221;Projects in progress&#8221; font_container=&#8221;tag:h3|text_align:center|color:%23ed1941&#8243; google_fonts=&#8221;font_family:Oxygen%3A300%2Cregular%2C700|font_style:400%20regular%3A400%3Anormal&#8221;][vc_empty_space][\/vc_column][\/vc_row][vc_row gap=&#8221;15&#8243;][vc_column width=&#8221;1\/3&#8243; css=&#8221;.vc_custom_1573033789580{background-color: #ededed !important;}&#8221;][vc_single_image image=&#8221;4720&#8243; img_size=&#8221;400&#215;200&#8243; alignment=&#8221;center&#8221; onclick=&#8221;custom_link&#8221; link=&#8221;https:\/\/www.fonds-alienor.fr\/wpd-projects\/musique-relaxation-reanimation\/&#8221;][vc_text_separator title=&#8221;Impact de la musique et de la lumi\u00e8re en r\u00e9animation&#8221; color=&#8221;custom&#8221; accent_color=&#8221;#ed1941&#8243; css=&#8221;.vc_custom_1622811667823{margin-bottom: 0px !important;border-bottom-width: 0px !important;padding-bottom: 0px !important;}&#8221;][vc_column_text css=&#8221;.vc_custom_1622811808515{margin-top: 10px !important;margin-bottom: 20px !important;border-top-width: 0px !important;border-bottom-width: 0px !important;padding-top: 0px !important;padding-bottom: 0px !important;}&#8221;] Aur\u00e9lie Girault et Anthony Lamy [\/vc_column_text][\/vc_column][vc_column [&hellip;]\" \/>\n<meta property=\"og:url\" content=\"https:\/\/www.fonds-alienor.fr\/en\/our-projects\/projets-en-cours\/\" \/>\n<meta property=\"og:site_name\" content=\"Fonds Ali\u00e9nor\" \/>\n<meta property=\"article:publisher\" content=\"https:\/\/www.facebook.com\/chudepoitiers\" \/>\n<meta property=\"article:modified_time\" content=\"2021-08-23T09:50:56+00:00\" \/>\n<meta name=\"twitter:card\" content=\"summary_large_image\" \/>\n<meta name=\"twitter:site\" content=\"@CHU_de_Poitiers\" \/>\n<meta name=\"twitter:label1\" content=\"Est. reading time\" \/>\n\t<meta name=\"twitter:data1\" content=\"3 minutes\" \/>\n<script type=\"application\/ld+json\" class=\"yoast-schema-graph\">{\"@context\":\"https:\\\/\\\/schema.org\",\"@graph\":[{\"@type\":\"WebPage\",\"@id\":\"https:\\\/\\\/www.fonds-alienor.fr\\\/en\\\/our-projects\\\/projets-en-cours\\\/\",\"url\":\"https:\\\/\\\/www.fonds-alienor.fr\\\/en\\\/our-projects\\\/projets-en-cours\\\/\",\"name\":\"Projects in progress - Fonds Ali\u00e9nor\",\"isPartOf\":{\"@id\":\"https:\\\/\\\/www.fonds-alienor.fr\\\/en\\\/#website\"},\"datePublished\":\"2019-11-06T10:10:13+00:00\",\"dateModified\":\"2021-08-23T09:50:56+00:00\",\"breadcrumb\":{\"@id\":\"https:\\\/\\\/www.fonds-alienor.fr\\\/en\\\/our-projects\\\/projets-en-cours\\\/#breadcrumb\"},\"inLanguage\":\"en-US\",\"potentialAction\":[{\"@type\":\"ReadAction\",\"target\":[\"https:\\\/\\\/www.fonds-alienor.fr\\\/en\\\/our-projects\\\/projets-en-cours\\\/\"]}]},{\"@type\":\"BreadcrumbList\",\"@id\":\"https:\\\/\\\/www.fonds-alienor.fr\\\/en\\\/our-projects\\\/projets-en-cours\\\/#breadcrumb\",\"itemListElement\":[{\"@type\":\"ListItem\",\"position\":1,\"name\":\"Accueil\",\"item\":\"https:\\\/\\\/www.fonds-alienor.fr\\\/en\\\/\"},{\"@type\":\"ListItem\",\"position\":2,\"name\":\"Our projects\",\"item\":\"https:\\\/\\\/www.fonds-alienor.fr\\\/en\\\/our-projects\\\/\"},{\"@type\":\"ListItem\",\"position\":3,\"name\":\"Projects in progress\"}]},{\"@type\":\"WebSite\",\"@id\":\"https:\\\/\\\/www.fonds-alienor.fr\\\/en\\\/#website\",\"url\":\"https:\\\/\\\/www.fonds-alienor.fr\\\/en\\\/\",\"name\":\"Fonds Ali\u00e9nor\",\"description\":\"Emmenons la recherche m\u00e9dicale\",\"publisher\":{\"@id\":\"https:\\\/\\\/www.fonds-alienor.fr\\\/en\\\/#organization\"},\"potentialAction\":[{\"@type\":\"SearchAction\",\"target\":{\"@type\":\"EntryPoint\",\"urlTemplate\":\"https:\\\/\\\/www.fonds-alienor.fr\\\/en\\\/?s={search_term_string}\"},\"query-input\":{\"@type\":\"PropertyValueSpecification\",\"valueRequired\":true,\"valueName\":\"search_term_string\"}}],\"inLanguage\":\"en-US\"},{\"@type\":\"Organization\",\"@id\":\"https:\\\/\\\/www.fonds-alienor.fr\\\/en\\\/#organization\",\"name\":\"Fonds Ali\u00e9nor du CHU de Poitiers\",\"url\":\"https:\\\/\\\/www.fonds-alienor.fr\\\/en\\\/\",\"logo\":{\"@type\":\"ImageObject\",\"inLanguage\":\"en-US\",\"@id\":\"https:\\\/\\\/www.fonds-alienor.fr\\\/en\\\/#\\\/schema\\\/logo\\\/image\\\/\",\"url\":\"https:\\\/\\\/www.fonds-alienor.fr\\\/wp-content\\\/uploads\\\/2025\\\/10\\\/logo_114px.png\",\"contentUrl\":\"https:\\\/\\\/www.fonds-alienor.fr\\\/wp-content\\\/uploads\\\/2025\\\/10\\\/logo_114px.png\",\"width\":114,\"height\":114,\"caption\":\"Fonds Ali\u00e9nor du CHU de Poitiers\"},\"image\":{\"@id\":\"https:\\\/\\\/www.fonds-alienor.fr\\\/en\\\/#\\\/schema\\\/logo\\\/image\\\/\"},\"sameAs\":[\"https:\\\/\\\/www.facebook.com\\\/chudepoitiers\",\"https:\\\/\\\/x.com\\\/CHU_de_Poitiers\",\"https:\\\/\\\/www.linkedin.com\\\/company\\\/chu-poitiers?trk=company_logo\",\"https:\\\/\\\/www.youtube.com\\\/channel\\\/UCPpTSqyLsR5a-hXJA7zZ6cA\"]}]}<\/script>\n<!-- \/ Yoast SEO plugin. -->","yoast_head_json":{"title":"Projects in progress - Fonds Ali\u00e9nor","robots":{"index":"index","follow":"follow","max-snippet":"max-snippet:-1","max-image-preview":"max-image-preview:large","max-video-preview":"max-video-preview:-1"},"canonical":"https:\/\/www.fonds-alienor.fr\/en\/our-projects\/projets-en-cours\/","og_locale":"en_US","og_type":"article","og_title":"Projects in progress - Fonds Ali\u00e9nor","og_description":"[vc_row][vc_column][vc_empty_space height=&#8221;22px&#8221;][vc_custom_heading text=&#8221;Projects in progress&#8221; font_container=&#8221;tag:h3|text_align:center|color:%23ed1941&#8243; google_fonts=&#8221;font_family:Oxygen%3A300%2Cregular%2C700|font_style:400%20regular%3A400%3Anormal&#8221;][vc_empty_space][\/vc_column][\/vc_row][vc_row gap=&#8221;15&#8243;][vc_column width=&#8221;1\/3&#8243; css=&#8221;.vc_custom_1573033789580{background-color: #ededed !important;}&#8221;][vc_single_image image=&#8221;4720&#8243; img_size=&#8221;400&#215;200&#8243; alignment=&#8221;center&#8221; onclick=&#8221;custom_link&#8221; link=&#8221;https:\/\/www.fonds-alienor.fr\/wpd-projects\/musique-relaxation-reanimation\/&#8221;][vc_text_separator title=&#8221;Impact de la musique et de la lumi\u00e8re en r\u00e9animation&#8221; color=&#8221;custom&#8221; accent_color=&#8221;#ed1941&#8243; css=&#8221;.vc_custom_1622811667823{margin-bottom: 0px !important;border-bottom-width: 0px !important;padding-bottom: 0px !important;}&#8221;][vc_column_text css=&#8221;.vc_custom_1622811808515{margin-top: 10px !important;margin-bottom: 20px !important;border-top-width: 0px !important;border-bottom-width: 0px !important;padding-top: 0px !important;padding-bottom: 0px !important;}&#8221;] Aur\u00e9lie Girault et Anthony Lamy [\/vc_column_text][\/vc_column][vc_column [&hellip;]","og_url":"https:\/\/www.fonds-alienor.fr\/en\/our-projects\/projets-en-cours\/","og_site_name":"Fonds Ali\u00e9nor","article_publisher":"https:\/\/www.facebook.com\/chudepoitiers","article_modified_time":"2021-08-23T09:50:56+00:00","twitter_card":"summary_large_image","twitter_site":"@CHU_de_Poitiers","twitter_misc":{"Est. reading time":"3 minutes"},"schema":{"@context":"https:\/\/schema.org","@graph":[{"@type":"WebPage","@id":"https:\/\/www.fonds-alienor.fr\/en\/our-projects\/projets-en-cours\/","url":"https:\/\/www.fonds-alienor.fr\/en\/our-projects\/projets-en-cours\/","name":"Projects in progress - Fonds Ali\u00e9nor","isPartOf":{"@id":"https:\/\/www.fonds-alienor.fr\/en\/#website"},"datePublished":"2019-11-06T10:10:13+00:00","dateModified":"2021-08-23T09:50:56+00:00","breadcrumb":{"@id":"https:\/\/www.fonds-alienor.fr\/en\/our-projects\/projets-en-cours\/#breadcrumb"},"inLanguage":"en-US","potentialAction":[{"@type":"ReadAction","target":["https:\/\/www.fonds-alienor.fr\/en\/our-projects\/projets-en-cours\/"]}]},{"@type":"BreadcrumbList","@id":"https:\/\/www.fonds-alienor.fr\/en\/our-projects\/projets-en-cours\/#breadcrumb","itemListElement":[{"@type":"ListItem","position":1,"name":"Accueil","item":"https:\/\/www.fonds-alienor.fr\/en\/"},{"@type":"ListItem","position":2,"name":"Our projects","item":"https:\/\/www.fonds-alienor.fr\/en\/our-projects\/"},{"@type":"ListItem","position":3,"name":"Projects in progress"}]},{"@type":"WebSite","@id":"https:\/\/www.fonds-alienor.fr\/en\/#website","url":"https:\/\/www.fonds-alienor.fr\/en\/","name":"Fonds Ali\u00e9nor","description":"Emmenons la recherche m\u00e9dicale","publisher":{"@id":"https:\/\/www.fonds-alienor.fr\/en\/#organization"},"potentialAction":[{"@type":"SearchAction","target":{"@type":"EntryPoint","urlTemplate":"https:\/\/www.fonds-alienor.fr\/en\/?s={search_term_string}"},"query-input":{"@type":"PropertyValueSpecification","valueRequired":true,"valueName":"search_term_string"}}],"inLanguage":"en-US"},{"@type":"Organization","@id":"https:\/\/www.fonds-alienor.fr\/en\/#organization","name":"Fonds Ali\u00e9nor du CHU de Poitiers","url":"https:\/\/www.fonds-alienor.fr\/en\/","logo":{"@type":"ImageObject","inLanguage":"en-US","@id":"https:\/\/www.fonds-alienor.fr\/en\/#\/schema\/logo\/image\/","url":"https:\/\/www.fonds-alienor.fr\/wp-content\/uploads\/2025\/10\/logo_114px.png","contentUrl":"https:\/\/www.fonds-alienor.fr\/wp-content\/uploads\/2025\/10\/logo_114px.png","width":114,"height":114,"caption":"Fonds Ali\u00e9nor du CHU de Poitiers"},"image":{"@id":"https:\/\/www.fonds-alienor.fr\/en\/#\/schema\/logo\/image\/"},"sameAs":["https:\/\/www.facebook.com\/chudepoitiers","https:\/\/x.com\/CHU_de_Poitiers","https:\/\/www.linkedin.com\/company\/chu-poitiers?trk=company_logo","https:\/\/www.youtube.com\/channel\/UCPpTSqyLsR5a-hXJA7zZ6cA"]}]}},"_links":{"self":[{"href":"https:\/\/www.fonds-alienor.fr\/en\/wp-json\/wp\/v2\/pages\/2646","targetHints":{"allow":["GET"]}}],"collection":[{"href":"https:\/\/www.fonds-alienor.fr\/en\/wp-json\/wp\/v2\/pages"}],"about":[{"href":"https:\/\/www.fonds-alienor.fr\/en\/wp-json\/wp\/v2\/types\/page"}],"author":[{"embeddable":true,"href":"https:\/\/www.fonds-alienor.fr\/en\/wp-json\/wp\/v2\/users\/13"}],"replies":[{"embeddable":true,"href":"https:\/\/www.fonds-alienor.fr\/en\/wp-json\/wp\/v2\/comments?post=2646"}],"version-history":[{"count":6,"href":"https:\/\/www.fonds-alienor.fr\/en\/wp-json\/wp\/v2\/pages\/2646\/revisions"}],"predecessor-version":[{"id":4927,"href":"https:\/\/www.fonds-alienor.fr\/en\/wp-json\/wp\/v2\/pages\/2646\/revisions\/4927"}],"wp:attachment":[{"href":"https:\/\/www.fonds-alienor.fr\/en\/wp-json\/wp\/v2\/media?parent=2646"}],"curies":[{"name":"wp","href":"https:\/\/api.w.org\/{rel}","templated":true}]}}