{"id":2649,"date":"2020-11-19T14:01:28","date_gmt":"2020-11-19T13:01:28","guid":{"rendered":"http:\/\/localhost\/fond-alienor\/frrecherche-covid-19\/"},"modified":"2021-08-23T11:53:57","modified_gmt":"2021-08-23T09:53:57","slug":"recherche-covid","status":"publish","type":"page","link":"https:\/\/www.fonds-alienor.fr\/en\/our-projects\/recherche-covid\/","title":{"rendered":"Covid-19 research"},"content":{"rendered":"<div class=\"wpb-content-wrapper\"><p>[vc_row][vc_column][vc_empty_space height=&#8221;22px&#8221;][vc_custom_heading text=&#8221;Covid-19 research projects&#8221; font_container=&#8221;tag:h3|text_align:center|color:%23ed1941&#8243; google_fonts=&#8221;font_family:Oxygen%3A300%2Cregular%2C700|font_style:400%20regular%3A400%3Anormal&#8221;][vc_empty_space][\/vc_column][\/vc_row][vc_row gap=&#8221;15&#8243;][vc_column width=&#8221;1\/3&#8243; css=&#8221;.vc_custom_1573033789580{background-color: #ededed !important;}&#8221;][vc_single_image image=&#8221;4241&#8243; img_size=&#8221;400&#215;200&#8243; alignment=&#8221;center&#8221; onclick=&#8221;custom_link&#8221; link=&#8221;https:\/\/www.fonds-alienor.fr\/etude-caviards-19\/&#8221;][vc_text_separator title=&#8221;Etude CAVIARDS-19&#8243; color=&#8221;custom&#8221; accent_color=&#8221;#ed1941&#8243; css=&#8221;.vc_custom_1605791043124{margin-bottom: 0px !important;border-bottom-width: 0px !important;padding-bottom: 0px !important;}&#8221;][vc_column_text css=&#8221;.vc_custom_1605791076634{margin-top: 10px !important;margin-bottom: 20px !important;border-top-width: 0px !important;border-bottom-width: 0px !important;padding-top: 0px !important;padding-bottom: 0px !important;}&#8221;]<\/p>\n<p style=\"text-align: right;\"><em>Dr R\u00e9mi Coudroy<br \/>\n<\/em><\/p>\n<p>[\/vc_column_text][\/vc_column][vc_column width=&#8221;1\/3&#8243; css=&#8221;.vc_custom_1573033796068{background-color: #ededed !important;}&#8221;][vc_single_image image=&#8221;4247&#8243; img_size=&#8221;400&#215;200&#8243; alignment=&#8221;center&#8221; onclick=&#8221;custom_link&#8221; link=&#8221;https:\/\/www.fonds-alienor.fr\/projet-killer\/&#8221;][vc_text_separator title=&#8221;Projet KILLER&#8221; color=&#8221;custom&#8221; accent_color=&#8221;#ed1941&#8243; css=&#8221;.vc_custom_1605791124650{margin-bottom: 0px !important;border-bottom-width: 0px !important;padding-bottom: 0px !important;}&#8221;][vc_column_text css=&#8221;.vc_custom_1605791160613{margin-top: 10px !important;margin-bottom: 20px !important;border-top-width: 0px !important;border-bottom-width: 0px !important;padding-top: 0px !important;padding-bottom: 0px !important;}&#8221;]<\/p>\n<p style=\"text-align: right;\"><em>Pr Olivier Mimoz et Dr J\u00e9r\u00e9my Gu\u00e9nezan<br \/>\n<\/em><\/p>\n<p>[\/vc_column_text][\/vc_column][\/vc_row]<\/p>\n<\/div>","protected":false},"excerpt":{"rendered":"<p>[vc_row][vc_column][vc_empty_space height=&#8221;22px&#8221;][vc_custom_heading text=&#8221;Covid-19 research projects&#8221; font_container=&#8221;tag:h3|text_align:center|color:%23ed1941&#8243; google_fonts=&#8221;font_family:Oxygen%3A300%2Cregular%2C700|font_style:400%20regular%3A400%3Anormal&#8221;][vc_empty_space][\/vc_column][\/vc_row][vc_row gap=&#8221;15&#8243;][vc_column width=&#8221;1\/3&#8243; css=&#8221;.vc_custom_1573033789580{background-color: #ededed !important;}&#8221;][vc_single_image image=&#8221;4241&#8243; img_size=&#8221;400&#215;200&#8243; alignment=&#8221;center&#8221; onclick=&#8221;custom_link&#8221; link=&#8221;https:\/\/www.fonds-alienor.fr\/etude-caviards-19\/&#8221;][vc_text_separator title=&#8221;Etude CAVIARDS-19&#8243; color=&#8221;custom&#8221; accent_color=&#8221;#ed1941&#8243; css=&#8221;.vc_custom_1605791043124{margin-bottom: 0px !important;border-bottom-width: 0px !important;padding-bottom: 0px !important;}&#8221;][vc_column_text css=&#8221;.vc_custom_1605791076634{margin-top: 10px !important;margin-bottom: 20px !important;border-top-width: 0px !important;border-bottom-width: 0px !important;padding-top: 0px !important;padding-bottom: 0px !important;}&#8221;] Dr R\u00e9mi Coudroy [\/vc_column_text][\/vc_column][vc_column width=&#8221;1\/3&#8243; css=&#8221;.vc_custom_1573033796068{background-color: #ededed !important;}&#8221;][vc_single_image image=&#8221;4247&#8243; img_size=&#8221;400&#215;200&#8243; alignment=&#8221;center&#8221; onclick=&#8221;custom_link&#8221; link=&#8221;https:\/\/www.fonds-alienor.fr\/projet-killer\/&#8221;][vc_text_separator title=&#8221;Projet [&hellip;]<\/p>\n","protected":false},"author":13,"featured_media":0,"parent":2608,"menu_order":0,"comment_status":"closed","ping_status":"closed","template":"","meta":{"footnotes":""},"class_list":["post-2649","page","type-page","status-publish","hentry"],"yoast_head":"<!-- This site is optimized with the Yoast SEO plugin v27.3 - https:\/\/yoast.com\/product\/yoast-seo-wordpress\/ -->\n<title>Covid-19 research - Fonds Ali\u00e9nor<\/title>\n<meta name=\"robots\" content=\"index, follow, max-snippet:-1, max-image-preview:large, max-video-preview:-1\" \/>\n<link rel=\"canonical\" href=\"https:\/\/www.fonds-alienor.fr\/en\/our-projects\/recherche-covid\/\" \/>\n<meta property=\"og:locale\" content=\"en_US\" \/>\n<meta property=\"og:type\" content=\"article\" \/>\n<meta property=\"og:title\" content=\"Covid-19 research - Fonds Ali\u00e9nor\" \/>\n<meta property=\"og:description\" content=\"[vc_row][vc_column][vc_empty_space height=&#8221;22px&#8221;][vc_custom_heading text=&#8221;Covid-19 research projects&#8221; font_container=&#8221;tag:h3|text_align:center|color:%23ed1941&#8243; google_fonts=&#8221;font_family:Oxygen%3A300%2Cregular%2C700|font_style:400%20regular%3A400%3Anormal&#8221;][vc_empty_space][\/vc_column][\/vc_row][vc_row gap=&#8221;15&#8243;][vc_column width=&#8221;1\/3&#8243; css=&#8221;.vc_custom_1573033789580{background-color: #ededed !important;}&#8221;][vc_single_image image=&#8221;4241&#8243; img_size=&#8221;400&#215;200&#8243; alignment=&#8221;center&#8221; onclick=&#8221;custom_link&#8221; link=&#8221;https:\/\/www.fonds-alienor.fr\/etude-caviards-19\/&#8221;][vc_text_separator title=&#8221;Etude CAVIARDS-19&#8243; color=&#8221;custom&#8221; accent_color=&#8221;#ed1941&#8243; css=&#8221;.vc_custom_1605791043124{margin-bottom: 0px !important;border-bottom-width: 0px !important;padding-bottom: 0px !important;}&#8221;][vc_column_text css=&#8221;.vc_custom_1605791076634{margin-top: 10px !important;margin-bottom: 20px !important;border-top-width: 0px !important;border-bottom-width: 0px !important;padding-top: 0px !important;padding-bottom: 0px !important;}&#8221;] Dr R\u00e9mi Coudroy [\/vc_column_text][\/vc_column][vc_column width=&#8221;1\/3&#8243; css=&#8221;.vc_custom_1573033796068{background-color: #ededed !important;}&#8221;][vc_single_image image=&#8221;4247&#8243; img_size=&#8221;400&#215;200&#8243; alignment=&#8221;center&#8221; onclick=&#8221;custom_link&#8221; link=&#8221;https:\/\/www.fonds-alienor.fr\/projet-killer\/&#8221;][vc_text_separator title=&#8221;Projet [&hellip;]\" \/>\n<meta property=\"og:url\" content=\"https:\/\/www.fonds-alienor.fr\/en\/our-projects\/recherche-covid\/\" \/>\n<meta property=\"og:site_name\" content=\"Fonds Ali\u00e9nor\" \/>\n<meta property=\"article:publisher\" content=\"https:\/\/www.facebook.com\/chudepoitiers\" \/>\n<meta property=\"article:modified_time\" content=\"2021-08-23T09:53:57+00:00\" \/>\n<meta name=\"twitter:card\" content=\"summary_large_image\" \/>\n<meta name=\"twitter:site\" content=\"@CHU_de_Poitiers\" \/>\n<meta name=\"twitter:label1\" content=\"Est. reading time\" \/>\n\t<meta name=\"twitter:data1\" content=\"1 minute\" \/>\n<script type=\"application\/ld+json\" class=\"yoast-schema-graph\">{\"@context\":\"https:\\\/\\\/schema.org\",\"@graph\":[{\"@type\":\"WebPage\",\"@id\":\"https:\\\/\\\/www.fonds-alienor.fr\\\/en\\\/our-projects\\\/recherche-covid\\\/\",\"url\":\"https:\\\/\\\/www.fonds-alienor.fr\\\/en\\\/our-projects\\\/recherche-covid\\\/\",\"name\":\"Covid-19 research - Fonds Ali\u00e9nor\",\"isPartOf\":{\"@id\":\"https:\\\/\\\/www.fonds-alienor.fr\\\/en\\\/#website\"},\"datePublished\":\"2020-11-19T13:01:28+00:00\",\"dateModified\":\"2021-08-23T09:53:57+00:00\",\"breadcrumb\":{\"@id\":\"https:\\\/\\\/www.fonds-alienor.fr\\\/en\\\/our-projects\\\/recherche-covid\\\/#breadcrumb\"},\"inLanguage\":\"en-US\",\"potentialAction\":[{\"@type\":\"ReadAction\",\"target\":[\"https:\\\/\\\/www.fonds-alienor.fr\\\/en\\\/our-projects\\\/recherche-covid\\\/\"]}]},{\"@type\":\"BreadcrumbList\",\"@id\":\"https:\\\/\\\/www.fonds-alienor.fr\\\/en\\\/our-projects\\\/recherche-covid\\\/#breadcrumb\",\"itemListElement\":[{\"@type\":\"ListItem\",\"position\":1,\"name\":\"Accueil\",\"item\":\"https:\\\/\\\/www.fonds-alienor.fr\\\/en\\\/\"},{\"@type\":\"ListItem\",\"position\":2,\"name\":\"Our projects\",\"item\":\"https:\\\/\\\/www.fonds-alienor.fr\\\/en\\\/our-projects\\\/\"},{\"@type\":\"ListItem\",\"position\":3,\"name\":\"Covid-19 research\"}]},{\"@type\":\"WebSite\",\"@id\":\"https:\\\/\\\/www.fonds-alienor.fr\\\/en\\\/#website\",\"url\":\"https:\\\/\\\/www.fonds-alienor.fr\\\/en\\\/\",\"name\":\"Fonds Ali\u00e9nor\",\"description\":\"Emmenons la recherche m\u00e9dicale\",\"publisher\":{\"@id\":\"https:\\\/\\\/www.fonds-alienor.fr\\\/en\\\/#organization\"},\"potentialAction\":[{\"@type\":\"SearchAction\",\"target\":{\"@type\":\"EntryPoint\",\"urlTemplate\":\"https:\\\/\\\/www.fonds-alienor.fr\\\/en\\\/?s={search_term_string}\"},\"query-input\":{\"@type\":\"PropertyValueSpecification\",\"valueRequired\":true,\"valueName\":\"search_term_string\"}}],\"inLanguage\":\"en-US\"},{\"@type\":\"Organization\",\"@id\":\"https:\\\/\\\/www.fonds-alienor.fr\\\/en\\\/#organization\",\"name\":\"Fonds Ali\u00e9nor du CHU de Poitiers\",\"url\":\"https:\\\/\\\/www.fonds-alienor.fr\\\/en\\\/\",\"logo\":{\"@type\":\"ImageObject\",\"inLanguage\":\"en-US\",\"@id\":\"https:\\\/\\\/www.fonds-alienor.fr\\\/en\\\/#\\\/schema\\\/logo\\\/image\\\/\",\"url\":\"https:\\\/\\\/www.fonds-alienor.fr\\\/wp-content\\\/uploads\\\/2025\\\/10\\\/logo_114px.png\",\"contentUrl\":\"https:\\\/\\\/www.fonds-alienor.fr\\\/wp-content\\\/uploads\\\/2025\\\/10\\\/logo_114px.png\",\"width\":114,\"height\":114,\"caption\":\"Fonds Ali\u00e9nor du CHU de Poitiers\"},\"image\":{\"@id\":\"https:\\\/\\\/www.fonds-alienor.fr\\\/en\\\/#\\\/schema\\\/logo\\\/image\\\/\"},\"sameAs\":[\"https:\\\/\\\/www.facebook.com\\\/chudepoitiers\",\"https:\\\/\\\/x.com\\\/CHU_de_Poitiers\",\"https:\\\/\\\/www.linkedin.com\\\/company\\\/chu-poitiers?trk=company_logo\",\"https:\\\/\\\/www.youtube.com\\\/channel\\\/UCPpTSqyLsR5a-hXJA7zZ6cA\"]}]}<\/script>\n<!-- \/ Yoast SEO plugin. -->","yoast_head_json":{"title":"Covid-19 research - Fonds Ali\u00e9nor","robots":{"index":"index","follow":"follow","max-snippet":"max-snippet:-1","max-image-preview":"max-image-preview:large","max-video-preview":"max-video-preview:-1"},"canonical":"https:\/\/www.fonds-alienor.fr\/en\/our-projects\/recherche-covid\/","og_locale":"en_US","og_type":"article","og_title":"Covid-19 research - Fonds Ali\u00e9nor","og_description":"[vc_row][vc_column][vc_empty_space height=&#8221;22px&#8221;][vc_custom_heading text=&#8221;Covid-19 research projects&#8221; font_container=&#8221;tag:h3|text_align:center|color:%23ed1941&#8243; google_fonts=&#8221;font_family:Oxygen%3A300%2Cregular%2C700|font_style:400%20regular%3A400%3Anormal&#8221;][vc_empty_space][\/vc_column][\/vc_row][vc_row gap=&#8221;15&#8243;][vc_column width=&#8221;1\/3&#8243; css=&#8221;.vc_custom_1573033789580{background-color: #ededed !important;}&#8221;][vc_single_image image=&#8221;4241&#8243; img_size=&#8221;400&#215;200&#8243; alignment=&#8221;center&#8221; onclick=&#8221;custom_link&#8221; link=&#8221;https:\/\/www.fonds-alienor.fr\/etude-caviards-19\/&#8221;][vc_text_separator title=&#8221;Etude CAVIARDS-19&#8243; color=&#8221;custom&#8221; accent_color=&#8221;#ed1941&#8243; css=&#8221;.vc_custom_1605791043124{margin-bottom: 0px !important;border-bottom-width: 0px !important;padding-bottom: 0px !important;}&#8221;][vc_column_text css=&#8221;.vc_custom_1605791076634{margin-top: 10px !important;margin-bottom: 20px !important;border-top-width: 0px !important;border-bottom-width: 0px !important;padding-top: 0px !important;padding-bottom: 0px !important;}&#8221;] Dr R\u00e9mi Coudroy [\/vc_column_text][\/vc_column][vc_column width=&#8221;1\/3&#8243; css=&#8221;.vc_custom_1573033796068{background-color: #ededed !important;}&#8221;][vc_single_image image=&#8221;4247&#8243; img_size=&#8221;400&#215;200&#8243; alignment=&#8221;center&#8221; onclick=&#8221;custom_link&#8221; link=&#8221;https:\/\/www.fonds-alienor.fr\/projet-killer\/&#8221;][vc_text_separator title=&#8221;Projet [&hellip;]","og_url":"https:\/\/www.fonds-alienor.fr\/en\/our-projects\/recherche-covid\/","og_site_name":"Fonds Ali\u00e9nor","article_publisher":"https:\/\/www.facebook.com\/chudepoitiers","article_modified_time":"2021-08-23T09:53:57+00:00","twitter_card":"summary_large_image","twitter_site":"@CHU_de_Poitiers","twitter_misc":{"Est. reading time":"1 minute"},"schema":{"@context":"https:\/\/schema.org","@graph":[{"@type":"WebPage","@id":"https:\/\/www.fonds-alienor.fr\/en\/our-projects\/recherche-covid\/","url":"https:\/\/www.fonds-alienor.fr\/en\/our-projects\/recherche-covid\/","name":"Covid-19 research - Fonds Ali\u00e9nor","isPartOf":{"@id":"https:\/\/www.fonds-alienor.fr\/en\/#website"},"datePublished":"2020-11-19T13:01:28+00:00","dateModified":"2021-08-23T09:53:57+00:00","breadcrumb":{"@id":"https:\/\/www.fonds-alienor.fr\/en\/our-projects\/recherche-covid\/#breadcrumb"},"inLanguage":"en-US","potentialAction":[{"@type":"ReadAction","target":["https:\/\/www.fonds-alienor.fr\/en\/our-projects\/recherche-covid\/"]}]},{"@type":"BreadcrumbList","@id":"https:\/\/www.fonds-alienor.fr\/en\/our-projects\/recherche-covid\/#breadcrumb","itemListElement":[{"@type":"ListItem","position":1,"name":"Accueil","item":"https:\/\/www.fonds-alienor.fr\/en\/"},{"@type":"ListItem","position":2,"name":"Our projects","item":"https:\/\/www.fonds-alienor.fr\/en\/our-projects\/"},{"@type":"ListItem","position":3,"name":"Covid-19 research"}]},{"@type":"WebSite","@id":"https:\/\/www.fonds-alienor.fr\/en\/#website","url":"https:\/\/www.fonds-alienor.fr\/en\/","name":"Fonds Ali\u00e9nor","description":"Emmenons la recherche m\u00e9dicale","publisher":{"@id":"https:\/\/www.fonds-alienor.fr\/en\/#organization"},"potentialAction":[{"@type":"SearchAction","target":{"@type":"EntryPoint","urlTemplate":"https:\/\/www.fonds-alienor.fr\/en\/?s={search_term_string}"},"query-input":{"@type":"PropertyValueSpecification","valueRequired":true,"valueName":"search_term_string"}}],"inLanguage":"en-US"},{"@type":"Organization","@id":"https:\/\/www.fonds-alienor.fr\/en\/#organization","name":"Fonds Ali\u00e9nor du CHU de Poitiers","url":"https:\/\/www.fonds-alienor.fr\/en\/","logo":{"@type":"ImageObject","inLanguage":"en-US","@id":"https:\/\/www.fonds-alienor.fr\/en\/#\/schema\/logo\/image\/","url":"https:\/\/www.fonds-alienor.fr\/wp-content\/uploads\/2025\/10\/logo_114px.png","contentUrl":"https:\/\/www.fonds-alienor.fr\/wp-content\/uploads\/2025\/10\/logo_114px.png","width":114,"height":114,"caption":"Fonds Ali\u00e9nor du CHU de Poitiers"},"image":{"@id":"https:\/\/www.fonds-alienor.fr\/en\/#\/schema\/logo\/image\/"},"sameAs":["https:\/\/www.facebook.com\/chudepoitiers","https:\/\/x.com\/CHU_de_Poitiers","https:\/\/www.linkedin.com\/company\/chu-poitiers?trk=company_logo","https:\/\/www.youtube.com\/channel\/UCPpTSqyLsR5a-hXJA7zZ6cA"]}]}},"_links":{"self":[{"href":"https:\/\/www.fonds-alienor.fr\/en\/wp-json\/wp\/v2\/pages\/2649","targetHints":{"allow":["GET"]}}],"collection":[{"href":"https:\/\/www.fonds-alienor.fr\/en\/wp-json\/wp\/v2\/pages"}],"about":[{"href":"https:\/\/www.fonds-alienor.fr\/en\/wp-json\/wp\/v2\/types\/page"}],"author":[{"embeddable":true,"href":"https:\/\/www.fonds-alienor.fr\/en\/wp-json\/wp\/v2\/users\/13"}],"replies":[{"embeddable":true,"href":"https:\/\/www.fonds-alienor.fr\/en\/wp-json\/wp\/v2\/comments?post=2649"}],"version-history":[{"count":5,"href":"https:\/\/www.fonds-alienor.fr\/en\/wp-json\/wp\/v2\/pages\/2649\/revisions"}],"predecessor-version":[{"id":4942,"href":"https:\/\/www.fonds-alienor.fr\/en\/wp-json\/wp\/v2\/pages\/2649\/revisions\/4942"}],"up":[{"embeddable":true,"href":"https:\/\/www.fonds-alienor.fr\/en\/wp-json\/wp\/v2\/pages\/2608"}],"wp:attachment":[{"href":"https:\/\/www.fonds-alienor.fr\/en\/wp-json\/wp\/v2\/media?parent=2649"}],"curies":[{"name":"wp","href":"https:\/\/api.w.org\/{rel}","templated":true}]}}