{"id":4420,"date":"2021-04-26T11:31:06","date_gmt":"2021-04-26T09:31:06","guid":{"rendered":"https:\/\/www.fonds-alienor.fr\/?page_id=4420"},"modified":"2021-06-04T18:09:01","modified_gmt":"2021-06-04T16:09:01","slug":"faire-un-don-en-prelevement-automatique","status":"publish","type":"page","link":"https:\/\/www.fonds-alienor.fr\/en\/faire-un-don-en-prelevement-automatique\/","title":{"rendered":"Faire un don en pr\u00e9l\u00e8vement automatique"},"content":{"rendered":"<div class=\"wpb-content-wrapper\"><p>[vc_row][vc_column][vc_custom_heading text=&#8221;Faire un don r\u00e9gulier&#8221; font_container=&#8221;tag:h2|text_align:left|color:%23ed2241&#8243; use_theme_fonts=&#8221;yes&#8221;][vc_column_text]Vous souhaitez soutenir les actions du fonds Ali\u00e9nor par le versement d\u2019un don r\u00e9gulier\u00a0? Optez pour le versement d\u2019un don mensuel par le biais du pr\u00e9l\u00e8vement automatique.<\/p>\n<p>En nous apportant chaque mois votre soutien, vous nous donnez les moyens de financer dans la dur\u00e9e les travaux de recherche que nous accompagnons. Vous permettez d\u2019avancer plus vite la r\u00e9alisation de projets au profit de nos patients et de leur offrir un avenir en meilleure sant\u00e9.[\/vc_column_text][\/vc_column][\/vc_row][vc_row][vc_column width=&#8221;1\/2&#8243;][vc_custom_heading text=&#8221;Vous choisissez : &#8221; font_container=&#8221;tag:h3|text_align:left|color:%23ed2241&#8243; use_theme_fonts=&#8221;yes&#8221;][vc_column_text]<\/p>\n<ul>\n<li><strong>Le montant <\/strong>de votre don selon votre choix\u00a0: 10, 15, 20 \u20ac\u2026<\/li>\n<li><strong>La p\u00e9riodicit\u00e9<\/strong> de votre don\u00a0: mensuel, trimestriel\u2026<\/li>\n<\/ul>\n<p>[\/vc_column_text][vc_custom_heading text=&#8221;Quels sont les avantages du don r\u00e9gulier ?&#8221; font_container=&#8221;tag:h3|text_align:left|color:%23ed2241&#8243; use_theme_fonts=&#8221;yes&#8221;][vc_column_text]<\/p>\n<h4>Pour vous<\/h4>\n<ul>\n<li><strong>B\u00e9n\u00e9ficier d\u2019une r\u00e9duction fiscale de 66%.<\/strong> Votre soutien de 10 \u20ac par mois vous revient en r\u00e9alit\u00e9 \u00e0 3,40 \u20ac, soit 40,80 \u20ac par an<\/li>\n<li><strong>Donner sans y penser<\/strong>: votre don, pr\u00e9lev\u00e9 automatiquement sur votre compte, est r\u00e9parti sur toute l\u2019ann\u00e9e<\/li>\n<li><strong>Interrompre, r\u00e9duire ou augmenter<\/strong> votre soutien r\u00e9gulier sur simple appel t\u00e9l\u00e9phonique par e-mail ou par courrier au fonds Ali\u00e9nor<\/li>\n<li><strong>Recevoir une fois par an<\/strong>, un re\u00e7u fiscal r\u00e9capitulatif de vos dons vers\u00e9s<\/li>\n<\/ul>\n<p>&nbsp;<\/p>\n<h4>Pour nous<\/h4>\n<ul>\n<li><strong>Faire avancer <\/strong>plus vite les projets de recherche en sant\u00e9 et d\u2019innovation au b\u00e9n\u00e9fice des malades et de leur famille.<\/li>\n<li><strong>Visibilit\u00e9 \u00e0 long terme <\/strong>pour anticiper et planifier dans la dur\u00e9e les travaux de recherche ou l\u2019acquisition de mat\u00e9riel de haute technologie pour l\u2019innovation<\/li>\n<\/ul>\n<p>[\/vc_column_text][\/vc_column][vc_column width=&#8221;1\/2&#8243;][vc_custom_heading text=&#8221;Comment faire ?&#8221; font_container=&#8221;tag:h3|text_align:left|color:%23ed2241&#8243; use_theme_fonts=&#8221;yes&#8221;][vc_column_text]Pour mettre en place un pr\u00e9l\u00e8vement mensuel en faveur du fonds Ali\u00e9nor\u00a0:<\/p>\n<ul>\n<li><strong>T\u00e9l\u00e9chargez et imprimez<\/strong> le formulaire \u00ab\u00a0<a href=\"https:\/\/www.fonds-alienor.fr\/wp-content\/uploads\/2021\/06\/Autorisation-prelevement-automatique-Mandat-SEPA.pdf\">Autorisation pr\u00e9l\u00e8vement automatique<\/a>\u00a0\u00bb<\/li>\n<li><strong>Remplissez-le<\/strong> sans oublier de le signer<\/li>\n<li>Accompagnez ce bulletin de votre relev\u00e9 d\u2019identit\u00e9 bancaire (RIB) et envoyez-le\u00a0:<\/li>\n<\/ul>\n<p style=\"text-align: center;\"><strong>FONDS ALIENOR<\/strong><\/p>\n<p style=\"text-align: center;\">2 rue de la Mil\u00e9trie- CS90577<\/p>\n<p style=\"text-align: center;\">86021 POITIERS CEDEX<\/p>\n<p>[\/vc_column_text][vc_column_text]<\/p>\n<p style=\"text-align: center;\"><strong>Merci pour votre soutien r\u00e9gulier en faveur du fonds Ali\u00e9nor !<\/strong><\/p>\n<p>[\/vc_column_text][\/vc_column][\/vc_row]<\/p>\n<\/div>","protected":false},"excerpt":{"rendered":"<p>[vc_row][vc_column][vc_custom_heading text=&#8221;Faire un don r\u00e9gulier&#8221; font_container=&#8221;tag:h2|text_align:left|color:%23ed2241&#8243; use_theme_fonts=&#8221;yes&#8221;][vc_column_text]Vous souhaitez soutenir les actions du fonds Ali\u00e9nor par le versement d\u2019un don r\u00e9gulier\u00a0? Optez pour le versement d\u2019un don mensuel par le biais du pr\u00e9l\u00e8vement automatique. En nous apportant chaque mois votre soutien, vous nous donnez les moyens de financer dans la dur\u00e9e les travaux de recherche que [&hellip;]<\/p>\n","protected":false},"author":13,"featured_media":0,"parent":0,"menu_order":0,"comment_status":"closed","ping_status":"closed","template":"","meta":{"footnotes":""},"class_list":["post-4420","page","type-page","status-publish","hentry"],"yoast_head":"<!-- This site is optimized with the Yoast SEO plugin v27.3 - https:\/\/yoast.com\/product\/yoast-seo-wordpress\/ -->\n<title>Faire un don en pr\u00e9l\u00e8vement automatique - Fonds Ali\u00e9nor<\/title>\n<meta name=\"robots\" content=\"index, follow, max-snippet:-1, max-image-preview:large, max-video-preview:-1\" \/>\n<link rel=\"canonical\" href=\"https:\/\/www.fonds-alienor.fr\/en\/faire-un-don-en-prelevement-automatique\/\" \/>\n<meta property=\"og:locale\" content=\"en_US\" \/>\n<meta property=\"og:type\" content=\"article\" \/>\n<meta property=\"og:title\" content=\"Faire un don en pr\u00e9l\u00e8vement automatique - Fonds Ali\u00e9nor\" \/>\n<meta property=\"og:description\" content=\"[vc_row][vc_column][vc_custom_heading text=&#8221;Faire un don r\u00e9gulier&#8221; font_container=&#8221;tag:h2|text_align:left|color:%23ed2241&#8243; use_theme_fonts=&#8221;yes&#8221;][vc_column_text]Vous souhaitez soutenir les actions du fonds Ali\u00e9nor par le versement d\u2019un don r\u00e9gulier\u00a0? Optez pour le versement d\u2019un don mensuel par le biais du pr\u00e9l\u00e8vement automatique. En nous apportant chaque mois votre soutien, vous nous donnez les moyens de financer dans la dur\u00e9e les travaux de recherche que [&hellip;]\" \/>\n<meta property=\"og:url\" content=\"https:\/\/www.fonds-alienor.fr\/en\/faire-un-don-en-prelevement-automatique\/\" \/>\n<meta property=\"og:site_name\" content=\"Fonds Ali\u00e9nor\" \/>\n<meta property=\"article:publisher\" content=\"https:\/\/www.facebook.com\/chudepoitiers\" \/>\n<meta property=\"article:modified_time\" content=\"2021-06-04T16:09:01+00:00\" \/>\n<meta name=\"twitter:card\" content=\"summary_large_image\" \/>\n<meta name=\"twitter:site\" content=\"@CHU_de_Poitiers\" \/>\n<meta name=\"twitter:label1\" content=\"Est. reading time\" \/>\n\t<meta name=\"twitter:data1\" content=\"2 minutes\" \/>\n<script type=\"application\/ld+json\" class=\"yoast-schema-graph\">{\"@context\":\"https:\\\/\\\/schema.org\",\"@graph\":[{\"@type\":\"WebPage\",\"@id\":\"https:\\\/\\\/www.fonds-alienor.fr\\\/en\\\/faire-un-don-en-prelevement-automatique\\\/\",\"url\":\"https:\\\/\\\/www.fonds-alienor.fr\\\/en\\\/faire-un-don-en-prelevement-automatique\\\/\",\"name\":\"Faire un don en pr\u00e9l\u00e8vement automatique - Fonds Ali\u00e9nor\",\"isPartOf\":{\"@id\":\"https:\\\/\\\/www.fonds-alienor.fr\\\/en\\\/#website\"},\"datePublished\":\"2021-04-26T09:31:06+00:00\",\"dateModified\":\"2021-06-04T16:09:01+00:00\",\"breadcrumb\":{\"@id\":\"https:\\\/\\\/www.fonds-alienor.fr\\\/en\\\/faire-un-don-en-prelevement-automatique\\\/#breadcrumb\"},\"inLanguage\":\"en-US\",\"potentialAction\":[{\"@type\":\"ReadAction\",\"target\":[\"https:\\\/\\\/www.fonds-alienor.fr\\\/en\\\/faire-un-don-en-prelevement-automatique\\\/\"]}]},{\"@type\":\"BreadcrumbList\",\"@id\":\"https:\\\/\\\/www.fonds-alienor.fr\\\/en\\\/faire-un-don-en-prelevement-automatique\\\/#breadcrumb\",\"itemListElement\":[{\"@type\":\"ListItem\",\"position\":1,\"name\":\"Accueil\",\"item\":\"https:\\\/\\\/www.fonds-alienor.fr\\\/en\\\/\"},{\"@type\":\"ListItem\",\"position\":2,\"name\":\"Faire un don en pr\u00e9l\u00e8vement automatique\"}]},{\"@type\":\"WebSite\",\"@id\":\"https:\\\/\\\/www.fonds-alienor.fr\\\/en\\\/#website\",\"url\":\"https:\\\/\\\/www.fonds-alienor.fr\\\/en\\\/\",\"name\":\"Fonds Ali\u00e9nor\",\"description\":\"Emmenons la recherche m\u00e9dicale\",\"publisher\":{\"@id\":\"https:\\\/\\\/www.fonds-alienor.fr\\\/en\\\/#organization\"},\"potentialAction\":[{\"@type\":\"SearchAction\",\"target\":{\"@type\":\"EntryPoint\",\"urlTemplate\":\"https:\\\/\\\/www.fonds-alienor.fr\\\/en\\\/?s={search_term_string}\"},\"query-input\":{\"@type\":\"PropertyValueSpecification\",\"valueRequired\":true,\"valueName\":\"search_term_string\"}}],\"inLanguage\":\"en-US\"},{\"@type\":\"Organization\",\"@id\":\"https:\\\/\\\/www.fonds-alienor.fr\\\/en\\\/#organization\",\"name\":\"Fonds Ali\u00e9nor du CHU de Poitiers\",\"url\":\"https:\\\/\\\/www.fonds-alienor.fr\\\/en\\\/\",\"logo\":{\"@type\":\"ImageObject\",\"inLanguage\":\"en-US\",\"@id\":\"https:\\\/\\\/www.fonds-alienor.fr\\\/en\\\/#\\\/schema\\\/logo\\\/image\\\/\",\"url\":\"https:\\\/\\\/www.fonds-alienor.fr\\\/wp-content\\\/uploads\\\/2025\\\/10\\\/logo_114px.png\",\"contentUrl\":\"https:\\\/\\\/www.fonds-alienor.fr\\\/wp-content\\\/uploads\\\/2025\\\/10\\\/logo_114px.png\",\"width\":114,\"height\":114,\"caption\":\"Fonds Ali\u00e9nor du CHU de Poitiers\"},\"image\":{\"@id\":\"https:\\\/\\\/www.fonds-alienor.fr\\\/en\\\/#\\\/schema\\\/logo\\\/image\\\/\"},\"sameAs\":[\"https:\\\/\\\/www.facebook.com\\\/chudepoitiers\",\"https:\\\/\\\/x.com\\\/CHU_de_Poitiers\",\"https:\\\/\\\/www.linkedin.com\\\/company\\\/chu-poitiers?trk=company_logo\",\"https:\\\/\\\/www.youtube.com\\\/channel\\\/UCPpTSqyLsR5a-hXJA7zZ6cA\"]}]}<\/script>\n<!-- \/ Yoast SEO plugin. -->","yoast_head_json":{"title":"Faire un don en pr\u00e9l\u00e8vement automatique - Fonds Ali\u00e9nor","robots":{"index":"index","follow":"follow","max-snippet":"max-snippet:-1","max-image-preview":"max-image-preview:large","max-video-preview":"max-video-preview:-1"},"canonical":"https:\/\/www.fonds-alienor.fr\/en\/faire-un-don-en-prelevement-automatique\/","og_locale":"en_US","og_type":"article","og_title":"Faire un don en pr\u00e9l\u00e8vement automatique - Fonds Ali\u00e9nor","og_description":"[vc_row][vc_column][vc_custom_heading text=&#8221;Faire un don r\u00e9gulier&#8221; font_container=&#8221;tag:h2|text_align:left|color:%23ed2241&#8243; use_theme_fonts=&#8221;yes&#8221;][vc_column_text]Vous souhaitez soutenir les actions du fonds Ali\u00e9nor par le versement d\u2019un don r\u00e9gulier\u00a0? Optez pour le versement d\u2019un don mensuel par le biais du pr\u00e9l\u00e8vement automatique. En nous apportant chaque mois votre soutien, vous nous donnez les moyens de financer dans la dur\u00e9e les travaux de recherche que [&hellip;]","og_url":"https:\/\/www.fonds-alienor.fr\/en\/faire-un-don-en-prelevement-automatique\/","og_site_name":"Fonds Ali\u00e9nor","article_publisher":"https:\/\/www.facebook.com\/chudepoitiers","article_modified_time":"2021-06-04T16:09:01+00:00","twitter_card":"summary_large_image","twitter_site":"@CHU_de_Poitiers","twitter_misc":{"Est. reading time":"2 minutes"},"schema":{"@context":"https:\/\/schema.org","@graph":[{"@type":"WebPage","@id":"https:\/\/www.fonds-alienor.fr\/en\/faire-un-don-en-prelevement-automatique\/","url":"https:\/\/www.fonds-alienor.fr\/en\/faire-un-don-en-prelevement-automatique\/","name":"Faire un don en pr\u00e9l\u00e8vement automatique - Fonds Ali\u00e9nor","isPartOf":{"@id":"https:\/\/www.fonds-alienor.fr\/en\/#website"},"datePublished":"2021-04-26T09:31:06+00:00","dateModified":"2021-06-04T16:09:01+00:00","breadcrumb":{"@id":"https:\/\/www.fonds-alienor.fr\/en\/faire-un-don-en-prelevement-automatique\/#breadcrumb"},"inLanguage":"en-US","potentialAction":[{"@type":"ReadAction","target":["https:\/\/www.fonds-alienor.fr\/en\/faire-un-don-en-prelevement-automatique\/"]}]},{"@type":"BreadcrumbList","@id":"https:\/\/www.fonds-alienor.fr\/en\/faire-un-don-en-prelevement-automatique\/#breadcrumb","itemListElement":[{"@type":"ListItem","position":1,"name":"Accueil","item":"https:\/\/www.fonds-alienor.fr\/en\/"},{"@type":"ListItem","position":2,"name":"Faire un don en pr\u00e9l\u00e8vement automatique"}]},{"@type":"WebSite","@id":"https:\/\/www.fonds-alienor.fr\/en\/#website","url":"https:\/\/www.fonds-alienor.fr\/en\/","name":"Fonds Ali\u00e9nor","description":"Emmenons la recherche m\u00e9dicale","publisher":{"@id":"https:\/\/www.fonds-alienor.fr\/en\/#organization"},"potentialAction":[{"@type":"SearchAction","target":{"@type":"EntryPoint","urlTemplate":"https:\/\/www.fonds-alienor.fr\/en\/?s={search_term_string}"},"query-input":{"@type":"PropertyValueSpecification","valueRequired":true,"valueName":"search_term_string"}}],"inLanguage":"en-US"},{"@type":"Organization","@id":"https:\/\/www.fonds-alienor.fr\/en\/#organization","name":"Fonds Ali\u00e9nor du CHU de Poitiers","url":"https:\/\/www.fonds-alienor.fr\/en\/","logo":{"@type":"ImageObject","inLanguage":"en-US","@id":"https:\/\/www.fonds-alienor.fr\/en\/#\/schema\/logo\/image\/","url":"https:\/\/www.fonds-alienor.fr\/wp-content\/uploads\/2025\/10\/logo_114px.png","contentUrl":"https:\/\/www.fonds-alienor.fr\/wp-content\/uploads\/2025\/10\/logo_114px.png","width":114,"height":114,"caption":"Fonds Ali\u00e9nor du CHU de Poitiers"},"image":{"@id":"https:\/\/www.fonds-alienor.fr\/en\/#\/schema\/logo\/image\/"},"sameAs":["https:\/\/www.facebook.com\/chudepoitiers","https:\/\/x.com\/CHU_de_Poitiers","https:\/\/www.linkedin.com\/company\/chu-poitiers?trk=company_logo","https:\/\/www.youtube.com\/channel\/UCPpTSqyLsR5a-hXJA7zZ6cA"]}]}},"_links":{"self":[{"href":"https:\/\/www.fonds-alienor.fr\/en\/wp-json\/wp\/v2\/pages\/4420","targetHints":{"allow":["GET"]}}],"collection":[{"href":"https:\/\/www.fonds-alienor.fr\/en\/wp-json\/wp\/v2\/pages"}],"about":[{"href":"https:\/\/www.fonds-alienor.fr\/en\/wp-json\/wp\/v2\/types\/page"}],"author":[{"embeddable":true,"href":"https:\/\/www.fonds-alienor.fr\/en\/wp-json\/wp\/v2\/users\/13"}],"replies":[{"embeddable":true,"href":"https:\/\/www.fonds-alienor.fr\/en\/wp-json\/wp\/v2\/comments?post=4420"}],"version-history":[{"count":4,"href":"https:\/\/www.fonds-alienor.fr\/en\/wp-json\/wp\/v2\/pages\/4420\/revisions"}],"predecessor-version":[{"id":4759,"href":"https:\/\/www.fonds-alienor.fr\/en\/wp-json\/wp\/v2\/pages\/4420\/revisions\/4759"}],"wp:attachment":[{"href":"https:\/\/www.fonds-alienor.fr\/en\/wp-json\/wp\/v2\/media?parent=4420"}],"curies":[{"name":"wp","href":"https:\/\/api.w.org\/{rel}","templated":true}]}}